{"id":520,"date":"2021-10-18T15:10:20","date_gmt":"2021-10-18T13:10:20","guid":{"rendered":"http:\/\/academiecoriesu.com\/?page_id=520"},"modified":"2021-12-21T13:57:50","modified_gmt":"2021-12-21T12:57:50","slug":"status","status":"publish","type":"page","link":"http:\/\/academiecoriesu.com\/en\/status\/","title":{"rendered":"Status"},"content":{"rendered":"<div data-elementor-type=\"wp-page\" data-elementor-id=\"520\" class=\"elementor elementor-520\" data-elementor-post-type=\"page\">\n\t\t\t\t\t\t<section class=\"elementor-section elementor-top-section elementor-element elementor-element-247f92c elementor-section-height-min-height elementor-section-boxed elementor-section-height-default elementor-section-items-middle\" data-id=\"247f92c\" data-element_type=\"section\" data-e-type=\"section\" data-settings=\"{&quot;background_background&quot;:&quot;classic&quot;}\">\n\t\t\t\t\t\t\t<div class=\"elementor-background-overlay\"><\/div>\n\t\t\t\t\t\t\t<div class=\"elementor-container elementor-column-gap-default\">\n\t\t\t\t\t<div class=\"elementor-column elementor-col-100 elementor-top-column elementor-element elementor-element-f010ae0\" data-id=\"f010ae0\" data-element_type=\"column\" data-e-type=\"column\">\n\t\t\t<div class=\"elementor-widget-wrap elementor-element-populated\">\n\t\t\t\t\t\t<div class=\"elementor-element elementor-element-f17b224 elementor-widget elementor-widget-heading\" data-id=\"f17b224\" data-element_type=\"widget\" data-e-type=\"widget\" data-widget_type=\"heading.default\">\n\t\t\t\t<div class=\"elementor-widget-container\">\n\t\t\t\t\t<h2 class=\"elementor-heading-title elementor-size-default\"><br><br><br>Statutes Preamble<br><br><br><\/h2>\t\t\t\t<\/div>\n\t\t\t\t<\/div>\n\t\t\t\t\t<\/div>\n\t\t<\/div>\n\t\t\t\t\t<\/div>\n\t\t<\/section>\n\t\t\t\t<section class=\"elementor-section elementor-top-section elementor-element elementor-element-4e9c372 elementor-section-boxed elementor-section-height-default elementor-section-height-default\" data-id=\"4e9c372\" data-element_type=\"section\" data-e-type=\"section\">\n\t\t\t\t\t\t<div class=\"elementor-container elementor-column-gap-default\">\n\t\t\t\t\t<div class=\"elementor-column elementor-col-100 elementor-top-column elementor-element elementor-element-7fb06a5\" data-id=\"7fb06a5\" data-element_type=\"column\" data-e-type=\"column\">\n\t\t\t<div class=\"elementor-widget-wrap elementor-element-populated\">\n\t\t\t\t\t\t<div class=\"elementor-element elementor-element-1991e05 elementor-widget elementor-widget-text-editor\" data-id=\"1991e05\" data-element_type=\"widget\" data-e-type=\"widget\" data-widget_type=\"text-editor.default\">\n\t\t\t\t<div class=\"elementor-widget-container\">\n\t\t\t\t\t\t\t\t\t<p><span style=\"color: rgb(34, 34, 34); font-family: Arial, Helvetica, sans-serif; font-size: small; text-align: start;\">The COR IESU Academy was created by its founding members to provide access to the great Catholic intellectual tradition. It will also be an opportunity to discover the Christian tradition as it is lived today in the town of PARAY-LE-MONIAL, where the apparitions of the Sacred Heart took place nearly 400 years ago.<\/span><\/p>\n<p><br style=\"color: rgb(34, 34, 34); font-family: Arial, Helvetica, sans-serif; font-size: small; text-align: start;\"><span style=\"color: rgb(34, 34, 34); font-family: Arial, Helvetica, sans-serif; font-size: small; text-align: start;\">PARAY-LE-MONIAL has the capacity to become a recognized place for the intellectual and human formation of young people engaged in various fields of study on the faculties of Catholic universities in the United States and around the world.<\/span><\/p>\n<p><br style=\"color: rgb(34, 34, 34); font-family: Arial, Helvetica, sans-serif; font-size: small; text-align: start;\"><span style=\"color: rgb(34, 34, 34); font-family: Arial, Helvetica, sans-serif; font-size: small; text-align: start;\">To this end, the COR IESU Academy is a centre of learning, dialogue and cultural exchange. The main mission of the academy is to organise undergraduate and graduate study programmes in collaboration with Catholic universities from all over the world (including the USA). These programmes take the form of courses, academic conferences and seminars designed in partnership with institutions of higher learning, in order to transform the city of PARAY-LE-MONIAL and its region into a \"classroom\". The result would be a series of academic programmes that would allow university students and professors to enter the rich religious, cultural, historical, economic, political, social, literary, scientific and artistic heritage of the region.<\/span><\/p>\n<p><br style=\"color: rgb(34, 34, 34); font-family: Arial, Helvetica, sans-serif; font-size: small; text-align: start;\"><span style=\"color: rgb(34, 34, 34); font-family: Arial, Helvetica, sans-serif; font-size: small; text-align: start;\">The COR IESU Academy is in a unique position to work with Catholic and possibly non-Catholic universities and institutes. The latter will take advantage of the various resources of PARAY-LE-MONIAL, the department of SAONE-ET-LOIRE and the BOURGOGNE-FRANCHE-COMTE region, by establishing a network of contacts with universities, institutes of higher education, cultural and religious associations, economic bodies, political organisations, scientific and medical institutions, the local diocese and other religious communities, without this list being limitative.<\/span><br style=\"color: rgb(34, 34, 34); font-family: Arial, Helvetica, sans-serif; font-size: small; text-align: start;\"><br style=\"color: rgb(34, 34, 34); font-family: Arial, Helvetica, sans-serif; font-size: small; text-align: start;\"><span style=\"color: rgb(34, 34, 34); font-family: Arial, Helvetica, sans-serif; font-size: small; text-align: start;\">These resources, together with the region's intrinsic multicultural links in Europe and the Mediterranean world, would enable the COR IESU Academy to offer opportunities to build \"bridges of understanding\" and promote learning links between students and teachers from diverse political, ethnic, religious and cultural backgrounds.<\/span><\/p>\n<p><br style=\"color: rgb(34, 34, 34); font-family: Arial, Helvetica, sans-serif; font-size: small; text-align: start;\"><span style=\"color: rgb(34, 34, 34); font-family: Arial, Helvetica, sans-serif; font-size: small; text-align: start;\">The COR IESU Academy also exists to promote dialogue and cultural exchange, organising regular conferences, intellectual and professional training programmes with the city, the department and the diocese for the inhabitants of PARAY-LE- MONIAL and the surrounding region throughout the year.<\/span><\/p>\n<p><br style=\"color: rgb(34, 34, 34); font-family: Arial, Helvetica, sans-serif; font-size: small; text-align: start;\"><span style=\"color: rgb(34, 34, 34); font-family: Arial, Helvetica, sans-serif; font-size: small; text-align: start;\">The present preamble forms an integral part of the present statutes.<\/span><br><\/p>\t\t\t\t\t\t\t\t<\/div>\n\t\t\t\t<\/div>\n\t\t\t\t\t<\/div>\n\t\t<\/div>\n\t\t\t\t\t<\/div>\n\t\t<\/section>\n\t\t\t\t<\/div>","protected":false},"excerpt":{"rendered":"<p>Statuts Pr\u00e9ambule L\u2019Acad\u00e9mie COR IESU a \u00e9t\u00e9 voulue par ses membres fondateurs pour donner acc\u00e8s \u00e0 la grande tradition intellectuelle catholique. Il s\u2019agira aussi de d\u00e9couvrir la tradition chr\u00e9tienne telle qu&rsquo;elle est v\u00e9cue aujourd&rsquo;hui dans la ville de PARAY-LE-MONIAL, o\u00f9 les apparitions du Sacr\u00e9- C\u0153ur ont eu lieu il y [&hellip;]<\/p>\n","protected":false},"author":1,"featured_media":0,"parent":0,"menu_order":0,"comment_status":"closed","ping_status":"closed","template":"page-templates\/template-pagebuilder-full-width.php","meta":{"footnotes":""},"class_list":["post-520","page","type-page","status-publish","hentry"],"_links":{"self":[{"href":"http:\/\/academiecoriesu.com\/en\/wp-json\/wp\/v2\/pages\/520","targetHints":{"allow":["GET"]}}],"collection":[{"href":"http:\/\/academiecoriesu.com\/en\/wp-json\/wp\/v2\/pages"}],"about":[{"href":"http:\/\/academiecoriesu.com\/en\/wp-json\/wp\/v2\/types\/page"}],"author":[{"embeddable":true,"href":"http:\/\/academiecoriesu.com\/en\/wp-json\/wp\/v2\/users\/1"}],"replies":[{"embeddable":true,"href":"http:\/\/academiecoriesu.com\/en\/wp-json\/wp\/v2\/comments?post=520"}],"version-history":[{"count":20,"href":"http:\/\/academiecoriesu.com\/en\/wp-json\/wp\/v2\/pages\/520\/revisions"}],"predecessor-version":[{"id":1283,"href":"http:\/\/academiecoriesu.com\/en\/wp-json\/wp\/v2\/pages\/520\/revisions\/1283"}],"wp:attachment":[{"href":"http:\/\/academiecoriesu.com\/en\/wp-json\/wp\/v2\/media?parent=520"}],"curies":[{"name":"wp","href":"https:\/\/api.w.org\/{rel}","templated":true}]}}