{"id":1253,"date":"2021-12-10T09:45:28","date_gmt":"2021-12-10T08:45:28","guid":{"rendered":"http:\/\/academiecoriesu.com\/?page_id=1253"},"modified":"2021-12-10T11:03:48","modified_gmt":"2021-12-10T10:03:48","slug":"credits-photos","status":"publish","type":"page","link":"http:\/\/academiecoriesu.com\/fr\/credits-photos\/","title":{"rendered":"Cr\u00e9dits photos"},"content":{"rendered":"\t\t<div data-elementor-type=\"wp-page\" data-elementor-id=\"1253\" class=\"elementor elementor-1253\" data-elementor-post-type=\"page\">\n\t\t\t\t\t\t<section class=\"elementor-section elementor-top-section elementor-element elementor-element-82fe1d4 elementor-section-boxed elementor-section-height-default elementor-section-height-default\" data-id=\"82fe1d4\" data-element_type=\"section\" data-e-type=\"section\" data-settings=\"{&quot;background_background&quot;:&quot;classic&quot;}\">\n\t\t\t\t\t\t<div class=\"elementor-container elementor-column-gap-default\">\n\t\t\t\t\t<div class=\"elementor-column elementor-col-100 elementor-top-column elementor-element elementor-element-fc3fc2d\" data-id=\"fc3fc2d\" data-element_type=\"column\" data-e-type=\"column\">\n\t\t\t<div class=\"elementor-widget-wrap elementor-element-populated\">\n\t\t\t\t\t\t<div class=\"elementor-element elementor-element-b2157b9 elementor-widget elementor-widget-heading\" data-id=\"b2157b9\" data-element_type=\"widget\" data-e-type=\"widget\" data-widget_type=\"heading.default\">\n\t\t\t\t<div class=\"elementor-widget-container\">\n\t\t\t\t\t<h2 class=\"elementor-heading-title elementor-size-default\">Cr\u00e9dits photos<br>\n<\/h2>\t\t\t\t<\/div>\n\t\t\t\t<\/div>\n\t\t\t\t\t<\/div>\n\t\t<\/div>\n\t\t\t\t\t<\/div>\n\t\t<\/section>\n\t\t\t\t<section class=\"elementor-section elementor-top-section elementor-element elementor-element-1217a3c elementor-section-boxed elementor-section-height-default elementor-section-height-default\" data-id=\"1217a3c\" data-element_type=\"section\" data-e-type=\"section\">\n\t\t\t\t\t\t<div class=\"elementor-container elementor-column-gap-default\">\n\t\t\t\t\t<div class=\"elementor-column elementor-col-100 elementor-top-column elementor-element elementor-element-70f03e6\" data-id=\"70f03e6\" data-element_type=\"column\" data-e-type=\"column\">\n\t\t\t<div class=\"elementor-widget-wrap elementor-element-populated\">\n\t\t\t\t\t\t<div class=\"elementor-element elementor-element-760cd22 elementor-widget elementor-widget-text-editor\" data-id=\"760cd22\" data-element_type=\"widget\" data-e-type=\"widget\" data-widget_type=\"text-editor.default\">\n\t\t\t\t<div class=\"elementor-widget-container\">\n\t\t\t\t\t\t\t\t\t<h6><span>L&rsquo;ensemble des images figurant sur les pages de ce site sont r\u00e9pertori\u00e9es ici :\u00a0<\/span><\/h6><div>Home &#8211; header\u00a0<span style=\"font-size: inherit; color: var( --e-global-color-text ); font-family: var( --e-global-typography-text-font-family ), Sans-serif; font-weight: var( --e-global-typography-text-font-weight );\">&#8211; pexels-abel-tan-jun-yang-159935.jpg : Photo by\u00a0<\/span><strong style=\"font-size: inherit; color: var( --e-global-color-text ); font-family: var( --e-global-typography-text-font-family ), Sans-serif;\"><a href=\"https:\/\/www.pexels.com\/@abel-tan-jun-yang-43345?utm_content=attributionCopyText&amp;utm_medium=referral&amp;utm_source=pexels\" title=\"https:\/\/www.pexels.com\/@abel-tan-jun-yang-43345?utm_content=attributionCopyText&amp;utm_medium=referral&amp;utm_source=pexels\" rel=\"noopener noreferrer nofollow\">Abel Tan Jun Yang<\/a><\/strong><span style=\"font-size: inherit; color: var( --e-global-color-text ); font-family: var( --e-global-typography-text-font-family ), Sans-serif; font-weight: var( --e-global-typography-text-font-weight );\">\u00a0from\u00a0<\/span><strong style=\"font-size: inherit; color: var( --e-global-color-text ); font-family: var( --e-global-typography-text-font-family ), Sans-serif;\"><a href=\"https:\/\/www.pexels.com\/photo\/white-framed-rectangular-mirror-159935\/?utm_content=attributionCopyText&amp;utm_medium=referral&amp;utm_source=pexels\" title=\"https:\/\/www.pexels.com\/photo\/white-framed-rectangular-mirror-159935\/?utm_content=attributionCopyText&amp;utm_medium=referral&amp;utm_source=pexels\" rel=\"noopener noreferrer nofollow\">Pexels<\/a><\/strong><\/div><div><span>Home &#8211; footer &#8211;\u00a0<\/span><span style=\"font-size: inherit; color: var( --e-global-color-text ); font-family: var( --e-global-typography-text-font-family ), Sans-serif; font-weight: var( --e-global-typography-text-font-weight );\">pexels-pixabay-207691.jpg :NA<\/span><span><br \/><\/span><span><span>Home &#8211; header, ic\u00f4ne &#8211;<\/span><\/span><span>By <\/span><a href=\"https:\/\/thenounproject.com\/bartamagraphic\"><span>Bartama Graphic<\/span><\/a><span>, ID &#8211; <\/span><span>In the <\/span><a href=\"https:\/\/thenounproject.com\/bartamagraphic\/collection\/charity-outline\"><span>Charity &#8211; Outline Collection<\/span><\/a><\/div><p>Mission &#8211; header &#8211; <span style=\"font-weight: 400;\">Photo de <\/span><a href=\"https:\/\/www.pexels.com\/fr-fr\/@nc-farm-bureau-mark?utm_content=attributionCopyText&amp;utm_medium=referral&amp;utm_source=pexels\"><span style=\"font-weight: 400;\">Mark Stebnicki<\/span><\/a><span style=\"font-weight: 400;\"> provenant de <\/span><a href=\"https:\/\/www.pexels.com\/fr-fr\/photo\/paysage-agriculture-ferme-raisins-2819994\/?utm_content=attributionCopyText&amp;utm_medium=referral&amp;utm_source=pexels\"><span style=\"font-weight: 400;\">Pexels<\/span><\/a>\u00a0<\/p><p><span style=\"font-size: inherit; color: var( --e-global-color-text ); font-family: var( --e-global-typography-text-font-family ), Sans-serif; font-weight: var( --e-global-typography-text-font-weight );\">Pourquoi Paray-le-Monial ? &#8211; header &#8211; <a href=\"https:\/\/flickr.com\/photos\/fotosfromfrank\/\"><span style=\"font-weight: 400;\">Frank Maddocks flickr<\/span><\/a><\/span><\/p><p><span style=\"color: var( --e-global-color-text ); font-family: var( --e-global-typography-text-font-family ), Sans-serif; font-weight: var( --e-global-typography-text-font-weight ); font-size: inherit;\">Pourquoi Paray-le-Monial ? &#8211; paragraphe 1 &#8211; <a href=\"https:\/\/flickr.com\/photos\/183070308@N06\/\"><span style=\"font-weight: 400;\">Jean-Marc Bilquez flickr<\/span><\/a><\/span><\/p><p>Pourquoi Paray-le-Monial ? &#8211; paragraphe 2 &#8211; <span style=\"font-weight: 400;\">Paray-le-Monial &#8211; France (by <\/span><a href=\"https:\/\/href.li\/?https:\/\/www.flickr.com\/photos\/naitsirchlyon\/48924446162\"><span style=\"font-weight: 400;\">Net Circlion<\/span><\/a><span style=\"font-weight: 400;\">) <\/span><span style=\"color: var( --e-global-color-text ); font-family: var( --e-global-typography-text-font-family ), Sans-serif; font-weight: var( --e-global-typography-text-font-weight ); font-size: inherit;\"><br \/><\/span><\/p><p>Pourquoi Paray-le-Monial ? &#8211; paragraphe 3 &#8211; <b>\u00a0tumblr grandboute<\/b><\/p><p>Pourquoi Paray-le-Monial ? &#8211; paragraphe 4 &#8211; <span>Photo de\u00a0<\/span><strong><a href=\"https:\/\/www.pexels.com\/fr-fr\/@pixabay?utm_content=attributionCopyText&amp;utm_medium=referral&amp;utm_source=pexels\">Pixabay<\/a><\/strong><span>\u00a0provenant de\u00a0<\/span><strong><a href=\"https:\/\/www.pexels.com\/fr-fr\/photo\/low-angle-view-of-vitrail-248091\/?utm_content=attributionCopyText&amp;utm_medium=referral&amp;utm_source=pexels\">Pexels<\/a><\/strong><span style=\"font-weight: 600; margin-top: 0px; margin-bottom: 0px; color: #1a1a1a; font-family: -apple-system, BlinkMacSystemFont, 'segoe ui', roboto, oxygen, cantarell, 'helvetica neue', ubuntu, sans-serif; font-size: 16px; background-color: #e8e8e8;\"><\/span><\/p><p>\u00c9v\u00e9nements &#8211; header &#8211; pexels-janko-ferlic-590493.jpg : Photo de\u00a0<strong><a href=\"https:\/\/www.pexels.com\/fr-fr\/@thepoorphotographer?utm_content=attributionCopyText&amp;utm_medium=referral&amp;utm_source=pexels\" title=\"https:\/\/www.pexels.com\/fr-fr\/@thepoorphotographer?utm_content=attributionCopyText&amp;utm_medium=referral&amp;utm_source=pexels\" rel=\"noopener noreferrer nofollow\">Janko Ferlic<\/a><\/strong>\u00a0provenant de\u00a0<strong><a href=\"https:\/\/www.pexels.com\/fr-fr\/photo\/bibliotheque-interieure-lumineuse-590493\/?utm_content=attributionCopyText&amp;utm_medium=referral&amp;utm_source=pexels\" title=\"https:\/\/www.pexels.com\/fr-fr\/photo\/bibliotheque-interieure-lumineuse-590493\/?utm_content=attributionCopyText&amp;utm_medium=referral&amp;utm_source=pexels\" rel=\"noopener noreferrer nofollow\">Pexels<\/a><\/strong><\/p><p>\u00c9v\u00e9nements &#8211; <a href=\"https:\/\/www.flickr.com\/photos\/jeanlouis_zimmermann\/\"><span style=\"font-weight: 400;\">jean-louis Zimmermann<\/span><\/a><\/p><p>Contactez-nous &#8211; header &#8211; <span style=\"font-weight: 400;\">Photo de <\/span><a href=\"https:\/\/www.pexels.com\/fr-fr\/@ann-nekr-3111643?utm_content=attributionCopyText&amp;utm_medium=referral&amp;utm_source=pexels\"><span style=\"font-weight: 400;\">Ann Nekr<\/span><\/a><span style=\"font-weight: 400;\"> provenant de <\/span><a href=\"https:\/\/www.pexels.com\/fr-fr\/photo\/journal-ouvert-avec-un-crayon-place-sur-le-bureau-5797898\/?utm_content=attributionCopyText&amp;utm_medium=referral&amp;utm_source=pexels\"><span style=\"font-weight: 400;\">Pexels<\/span><\/a><\/p><p>Faites un don &#8211; header &#8211; <span>Photo de\u00a0<\/span><strong><a href=\"https:\/\/www.pexels.com\/fr-fr\/@cottonbro?utm_content=attributionCopyText&amp;utm_medium=referral&amp;utm_source=pexels\">cottonbro<\/a><\/strong><span>\u00a0provenant de\u00a0<\/span><strong><a href=\"https:\/\/www.pexels.com\/fr-fr\/photo\/gens-hommes-femmes-musique-7520351\/?utm_content=attributionCopyText&amp;utm_medium=referral&amp;utm_source=pexels\">Pexels<\/a><\/strong><\/p><p>Paiement valid\u00e9\/\u00e9chou\u00e9 &#8211; <span>Photo de\u00a0<\/span><strong><a href=\"https:\/\/www.pexels.com\/fr-fr\/@cottonbro?utm_content=attributionCopyText&amp;utm_medium=referral&amp;utm_source=pexels\">cottonbro<\/a><\/strong><span>\u00a0provenant de\u00a0<\/span><strong><a href=\"https:\/\/www.pexels.com\/fr-fr\/photo\/gens-hommes-femmes-musique-7520085\/?utm_content=attributionCopyText&amp;utm_medium=referral&amp;utm_source=pexels\">Pexels<\/a><\/strong><\/p><h2><\/h2>\t\t\t\t\t\t\t\t<\/div>\n\t\t\t\t<\/div>\n\t\t\t\t\t<\/div>\n\t\t<\/div>\n\t\t\t\t\t<\/div>\n\t\t<\/section>\n\t\t\t\t<\/div>\n\t\t","protected":false},"excerpt":{"rendered":"<p>Cr\u00e9dits photos L&rsquo;ensemble des images figurant sur les pages de ce site sont r\u00e9pertori\u00e9es ici :\u00a0 Home &#8211; header\u00a0&#8211; pexels-abel-tan-jun-yang-159935.jpg : Photo by\u00a0Abel Tan Jun Yang\u00a0from\u00a0PexelsHome &#8211; footer &#8211;\u00a0pexels-pixabay-207691.jpg :NAHome &#8211; header, ic\u00f4ne -By Bartama Graphic, ID &#8211; In the Charity &#8211; Outline Collection Mission &#8211; header &#8211; Photo de [&hellip;]<\/p>\n","protected":false},"author":1,"featured_media":0,"parent":0,"menu_order":0,"comment_status":"closed","ping_status":"closed","template":"page-templates\/template-pagebuilder-full-width.php","meta":{"footnotes":""},"class_list":["post-1253","page","type-page","status-publish","hentry"],"_links":{"self":[{"href":"http:\/\/academiecoriesu.com\/fr\/wp-json\/wp\/v2\/pages\/1253","targetHints":{"allow":["GET"]}}],"collection":[{"href":"http:\/\/academiecoriesu.com\/fr\/wp-json\/wp\/v2\/pages"}],"about":[{"href":"http:\/\/academiecoriesu.com\/fr\/wp-json\/wp\/v2\/types\/page"}],"author":[{"embeddable":true,"href":"http:\/\/academiecoriesu.com\/fr\/wp-json\/wp\/v2\/users\/1"}],"replies":[{"embeddable":true,"href":"http:\/\/academiecoriesu.com\/fr\/wp-json\/wp\/v2\/comments?post=1253"}],"version-history":[{"count":10,"href":"http:\/\/academiecoriesu.com\/fr\/wp-json\/wp\/v2\/pages\/1253\/revisions"}],"predecessor-version":[{"id":1271,"href":"http:\/\/academiecoriesu.com\/fr\/wp-json\/wp\/v2\/pages\/1253\/revisions\/1271"}],"wp:attachment":[{"href":"http:\/\/academiecoriesu.com\/fr\/wp-json\/wp\/v2\/media?parent=1253"}],"curies":[{"name":"wp","href":"https:\/\/api.w.org\/{rel}","templated":true}]}}