{"id":1658,"date":"2023-08-07T10:06:03","date_gmt":"2023-08-07T08:06:03","guid":{"rendered":"http:\/\/academiecoriesu.com\/?page_id=1658"},"modified":"2023-08-07T11:43:02","modified_gmt":"2023-08-07T09:43:02","slug":"accueil","status":"publish","type":"page","link":"http:\/\/academiecoriesu.com\/fr\/","title":{"rendered":"Accueil"},"content":{"rendered":"\t\t<div data-elementor-type=\"wp-page\" data-elementor-id=\"1658\" class=\"elementor elementor-1658\" data-elementor-post-type=\"page\">\n\t\t\t\t\t\t<section class=\"elementor-section elementor-top-section elementor-element elementor-element-4e8b931 elementor-section-height-full elementor-section-full_width elementor-section-items-top elementor-section-content-top elementor-section-height-default\" data-id=\"4e8b931\" data-element_type=\"section\" data-e-type=\"section\" data-settings=\"{&quot;background_background&quot;:&quot;slideshow&quot;,&quot;background_slideshow_gallery&quot;:[{&quot;id&quot;:1654,&quot;url&quot;:&quot;http:\\\/\\\/academiecoriesu.com\\\/wp-content\\\/uploads\\\/2023\\\/08\\\/Paray-le-Monial_la_basilique_vue_aerienne-scaled.jpg&quot;},{&quot;id&quot;:1655,&quot;url&quot;:&quot;http:\\\/\\\/academiecoriesu.com\\\/wp-content\\\/uploads\\\/2023\\\/08\\\/Basilique_Sacre-Coeur_Paray_Monial_6-scaled.jpg&quot;},{&quot;id&quot;:1653,&quot;url&quot;:&quot;http:\\\/\\\/academiecoriesu.com\\\/wp-content\\\/uploads\\\/2023\\\/08\\\/paray_le_monial_-_lianem_1.jpg&quot;}],&quot;background_slideshow_ken_burns&quot;:&quot;yes&quot;,&quot;background_slideshow_loop&quot;:&quot;yes&quot;,&quot;background_slideshow_slide_duration&quot;:5000,&quot;background_slideshow_slide_transition&quot;:&quot;fade&quot;,&quot;background_slideshow_transition_duration&quot;:500,&quot;background_slideshow_ken_burns_zoom_direction&quot;:&quot;in&quot;}\">\n\t\t\t\t\t\t\t<div class=\"elementor-background-overlay\"><\/div>\n\t\t\t\t\t\t\t<div class=\"elementor-container elementor-column-gap-default\">\n\t\t\t\t\t<div class=\"elementor-column elementor-col-100 elementor-top-column elementor-element elementor-element-fea31b2\" data-id=\"fea31b2\" data-element_type=\"column\" data-e-type=\"column\">\n\t\t\t<div class=\"elementor-widget-wrap elementor-element-populated\">\n\t\t\t\t\t\t<section class=\"elementor-section elementor-inner-section elementor-element elementor-element-83bb671 elementor-section-full_width elementor-section-content-middle elementor-section-height-default elementor-section-height-default\" data-id=\"83bb671\" data-element_type=\"section\" data-e-type=\"section\">\n\t\t\t\t\t\t<div class=\"elementor-container elementor-column-gap-default\">\n\t\t\t\t\t<div class=\"elementor-column elementor-col-33 elementor-inner-column elementor-element elementor-element-190538d\" data-id=\"190538d\" data-element_type=\"column\" data-e-type=\"column\">\n\t\t\t<div class=\"elementor-widget-wrap elementor-element-populated\">\n\t\t\t\t\t\t<div class=\"elementor-element elementor-element-5d2110e elementor-position-inline-start elementor-hidden-mobile elementor-view-default elementor-mobile-position-block-start elementor-widget elementor-widget-icon-box\" data-id=\"5d2110e\" data-element_type=\"widget\" data-e-type=\"widget\" data-widget_type=\"icon-box.default\">\n\t\t\t\t<div class=\"elementor-widget-container\">\n\t\t\t\t\t\t\t<div class=\"elementor-icon-box-wrapper\">\n\n\t\t\t\t\t\t<div class=\"elementor-icon-box-icon\">\n\t\t\t\t<a href=\"#elementor-action%3Aaction%3Dpopup%3Aopen%26settings%3DeyJpZCI6IjE2ODQiLCJ0b2dnbGUiOmZhbHNlfQ%3D%3D\" class=\"elementor-icon\" tabindex=\"-1\" aria-label=\"MENU\">\n\t\t\t\t<i aria-hidden=\"true\" class=\"fas fa-bars\"><\/i>\t\t\t\t<\/a>\n\t\t\t<\/div>\n\t\t\t\n\t\t\t\t\t\t<div class=\"elementor-icon-box-content\">\n\n\t\t\t\t\t\t\t\t\t<h3 class=\"elementor-icon-box-title\">\n\t\t\t\t\t\t<a href=\"#elementor-action%3Aaction%3Dpopup%3Aopen%26settings%3DeyJpZCI6IjE2ODQiLCJ0b2dnbGUiOmZhbHNlfQ%3D%3D\" >\n\t\t\t\t\t\t\tMENU\t\t\t\t\t\t<\/a>\n\t\t\t\t\t<\/h3>\n\t\t\t\t\n\t\t\t\t\n\t\t\t<\/div>\n\t\t\t\n\t\t<\/div>\n\t\t\t\t\t\t<\/div>\n\t\t\t\t<\/div>\n\t\t\t\t<div class=\"elementor-element elementor-element-de2f6b9 elementor-position-inline-start elementor-hidden-desktop elementor-hidden-tablet elementor-view-default elementor-mobile-position-block-start elementor-widget elementor-widget-icon-box\" data-id=\"de2f6b9\" data-element_type=\"widget\" data-e-type=\"widget\" data-widget_type=\"icon-box.default\">\n\t\t\t\t<div class=\"elementor-widget-container\">\n\t\t\t\t\t\t\t<div class=\"elementor-icon-box-wrapper\">\n\n\t\t\t\t\t\t<div class=\"elementor-icon-box-icon\">\n\t\t\t\t<a href=\"#elementor-action%3Aaction%3Dpopup%3Aopen%26settings%3DeyJpZCI6IjE2ODQiLCJ0b2dnbGUiOmZhbHNlfQ%3D%3D\" class=\"elementor-icon\" tabindex=\"-1\">\n\t\t\t\t<i aria-hidden=\"true\" class=\"fas fa-bars\"><\/i>\t\t\t\t<\/a>\n\t\t\t<\/div>\n\t\t\t\n\t\t\t\n\t\t<\/div>\n\t\t\t\t\t\t<\/div>\n\t\t\t\t<\/div>\n\t\t\t\t\t<\/div>\n\t\t<\/div>\n\t\t\t\t<div class=\"elementor-column elementor-col-33 elementor-inner-column elementor-element elementor-element-deecdf0\" data-id=\"deecdf0\" data-element_type=\"column\" data-e-type=\"column\">\n\t\t\t<div class=\"elementor-widget-wrap elementor-element-populated\">\n\t\t\t\t\t\t<div class=\"elementor-element elementor-element-ec59cd0 elementor-widget elementor-widget-image\" data-id=\"ec59cd0\" data-element_type=\"widget\" data-e-type=\"widget\" data-widget_type=\"image.default\">\n\t\t\t\t<div class=\"elementor-widget-container\">\n\t\t\t\t\t\t\t\t\t\t\t\t\t\t\t<img fetchpriority=\"high\" decoding=\"async\" width=\"750\" height=\"750\" src=\"https:\/\/academiecoriesu.com\/wp-content\/uploads\/2023\/08\/ACI-2-1024x1024.png\" class=\"attachment-large size-large wp-image-1666\" alt=\"\" srcset=\"https:\/\/academiecoriesu.com\/wp-content\/uploads\/2023\/08\/ACI-2-1024x1024.png 1024w, https:\/\/academiecoriesu.com\/wp-content\/uploads\/2023\/08\/ACI-2-300x300.png 300w, https:\/\/academiecoriesu.com\/wp-content\/uploads\/2023\/08\/ACI-2-150x150.png 150w, https:\/\/academiecoriesu.com\/wp-content\/uploads\/2023\/08\/ACI-2-768x768.png 768w, https:\/\/academiecoriesu.com\/wp-content\/uploads\/2023\/08\/ACI-2-1536x1536.png 1536w, https:\/\/academiecoriesu.com\/wp-content\/uploads\/2023\/08\/ACI-2-2048x2048.png 2048w, https:\/\/academiecoriesu.com\/wp-content\/uploads\/2023\/08\/ACI-2-12x12.png 12w\" sizes=\"(max-width: 750px) 100vw, 750px\" \/>\t\t\t\t\t\t\t\t\t\t\t\t\t\t\t<\/div>\n\t\t\t\t<\/div>\n\t\t\t\t\t<\/div>\n\t\t<\/div>\n\t\t\t\t<div class=\"elementor-column elementor-col-33 elementor-inner-column elementor-element elementor-element-77da212\" data-id=\"77da212\" data-element_type=\"column\" data-e-type=\"column\">\n\t\t\t<div class=\"elementor-widget-wrap elementor-element-populated\">\n\t\t\t\t\t\t<div class=\"elementor-element elementor-element-0eb27b3 elementor-position-right elementor-vertical-align-middle elementor-widget__width-initial elementor-widget-mobile__width-initial elementor-hidden-mobile elementor-widget elementor-widget-image-box\" data-id=\"0eb27b3\" data-element_type=\"widget\" data-e-type=\"widget\" data-widget_type=\"image-box.default\">\n\t\t\t\t<div class=\"elementor-widget-container\">\n\t\t\t\t\t<div class=\"elementor-image-box-wrapper\"><figure class=\"elementor-image-box-img\"><a href=\"http:\/\/academiecoriesu.com\/faire-un-don\/\" tabindex=\"-1\"><img decoding=\"async\" width=\"64\" height=\"66\" src=\"https:\/\/academiecoriesu.com\/wp-content\/uploads\/2021\/10\/247282249_247866790737125_5203049715272858003_n.png\" class=\"elementor-animation-grow attachment-full size-full wp-image-862\" alt=\"\" srcset=\"http:\/\/academiecoriesu.com\/wp-content\/uploads\/2021\/10\/247282249_247866790737125_5203049715272858003_n.png 64w, http:\/\/academiecoriesu.com\/wp-content\/uploads\/2021\/10\/247282249_247866790737125_5203049715272858003_n-12x12.png 12w\" sizes=\"(max-width: 64px) 100vw, 64px\" \/><\/a><\/figure><div class=\"elementor-image-box-content\"><h3 class=\"elementor-image-box-title\"><a href=\"http:\/\/academiecoriesu.com\/faire-un-don\/\">FAIRE UN DON<\/a><\/h3><\/div><\/div>\t\t\t\t<\/div>\n\t\t\t\t<\/div>\n\t\t\t\t<div class=\"elementor-element elementor-element-33620e2 elementor-position-right elementor-vertical-align-middle elementor-widget__width-initial elementor-widget-mobile__width-initial elementor-hidden-desktop elementor-hidden-tablet elementor-widget elementor-widget-image-box\" data-id=\"33620e2\" data-element_type=\"widget\" data-e-type=\"widget\" data-widget_type=\"image-box.default\">\n\t\t\t\t<div class=\"elementor-widget-container\">\n\t\t\t\t\t<div class=\"elementor-image-box-wrapper\"><figure class=\"elementor-image-box-img\"><a href=\"http:\/\/academiecoriesu.com\/faire-un-don\/\" tabindex=\"-1\"><img decoding=\"async\" width=\"64\" height=\"66\" src=\"https:\/\/academiecoriesu.com\/wp-content\/uploads\/2021\/10\/247282249_247866790737125_5203049715272858003_n.png\" class=\"elementor-animation-grow attachment-full size-full wp-image-862\" alt=\"\" srcset=\"http:\/\/academiecoriesu.com\/wp-content\/uploads\/2021\/10\/247282249_247866790737125_5203049715272858003_n.png 64w, http:\/\/academiecoriesu.com\/wp-content\/uploads\/2021\/10\/247282249_247866790737125_5203049715272858003_n-12x12.png 12w\" sizes=\"(max-width: 64px) 100vw, 64px\" \/><\/a><\/figure><\/div>\t\t\t\t<\/div>\n\t\t\t\t<\/div>\n\t\t\t\t\t<\/div>\n\t\t<\/div>\n\t\t\t\t\t<\/div>\n\t\t<\/section>\n\t\t\t\t<section class=\"elementor-section elementor-inner-section elementor-element elementor-element-7f08014 elementor-section-boxed elementor-section-height-default elementor-section-height-default\" data-id=\"7f08014\" data-element_type=\"section\" data-e-type=\"section\">\n\t\t\t\t\t\t<div class=\"elementor-container elementor-column-gap-default\">\n\t\t\t\t\t<div class=\"elementor-column elementor-col-100 elementor-inner-column elementor-element elementor-element-b49c70f\" data-id=\"b49c70f\" data-element_type=\"column\" data-e-type=\"column\">\n\t\t\t<div class=\"elementor-widget-wrap elementor-element-populated\">\n\t\t\t\t\t\t<div class=\"elementor-element elementor-element-08c3b68 elementor-hidden-mobile elementor-widget elementor-widget-text-editor\" data-id=\"08c3b68\" data-element_type=\"widget\" data-e-type=\"widget\" data-widget_type=\"text-editor.default\">\n\t\t\t\t<div class=\"elementor-widget-container\">\n\t\t\t\t\t\t\t\t\t<span>\u00ab\u00a0Aupr\u00e8s du C\u0153ur du Christ, le c\u0153ur de l\u2019homme apprend \u00e0 conna\u00eetre le sens v\u00e9ritable et unique de sa vie et de son destin, \u00e0 comprendre la valeur d\u2019une vie authentiquement chr\u00e9tienne, \u00e0 se garder de certaines perversions du c\u0153ur humain, \u00e0 joindre l\u2019amour filial envers Dieu \u00e0 l\u2019amour du prochain.\u00a0\u00bb<\/span>\n<br><br>\n<strong>Lettre du Pape Jean-Paul II au pr\u00e9pos\u00e9 g\u00e9n\u00e9ral de la compagnie de compagnie de J\u00e9sus<\/strong>\n<br>\n<span>Paray-le-Monial (France), 5 octobre 1986<\/span>\t\t\t\t\t\t\t\t<\/div>\n\t\t\t\t<\/div>\n\t\t\t\t\t<\/div>\n\t\t<\/div>\n\t\t\t\t\t<\/div>\n\t\t<\/section>\n\t\t\t\t\t<\/div>\n\t\t<\/div>\n\t\t\t\t\t<\/div>\n\t\t<\/section>\n\t\t\t\t<section class=\"elementor-section elementor-top-section elementor-element elementor-element-10e2098 elementor-section-boxed elementor-section-height-default elementor-section-height-default\" data-id=\"10e2098\" data-element_type=\"section\" data-e-type=\"section\">\n\t\t\t\t\t\t<div class=\"elementor-container elementor-column-gap-default\">\n\t\t\t\t\t<div class=\"elementor-column elementor-col-100 elementor-top-column elementor-element elementor-element-265cea1\" data-id=\"265cea1\" data-element_type=\"column\" data-e-type=\"column\">\n\t\t\t<div class=\"elementor-widget-wrap elementor-element-populated\">\n\t\t\t\t\t\t<div class=\"elementor-element elementor-element-80da81f elementor-widget elementor-widget-text-editor\" data-id=\"80da81f\" data-element_type=\"widget\" data-e-type=\"widget\" data-widget_type=\"text-editor.default\">\n\t\t\t\t<div class=\"elementor-widget-container\">\n\t\t\t\t\t\t\t\t\t<h5 class=\"subscribe-description\">\u00ab\u00a0L&rsquo;\u00c9glise sait avant tout que son message est en harmonie avec les d\u00e9sirs les plus secrets du c\u0153ur humain, lorsqu&rsquo;elle d\u00e9fend la dignit\u00e9 de la vocation humaine, en redonnant l&rsquo;espoir \u00e0 ceux qui ont d\u00e9j\u00e0 d\u00e9sesp\u00e9r\u00e9 de trouver quelque chose de plus \u00e9lev\u00e9 que leur sort actuel. Loin de diminuer l&rsquo;homme, son message apporte \u00e0 son d\u00e9veloppement lumi\u00e8re, vie et libert\u00e9&#8230;.. En v\u00e9rit\u00e9, c&rsquo;est seulement dans le myst\u00e8re du Verbe incarn\u00e9 que le myst\u00e8re de l&rsquo;homme prend de la lumi\u00e8re. Car Adam, le premier homme, \u00e9tait une figure de Celui qui devait venir,(20) \u00e0 savoir le Christ Seigneur. Le Christ, l&rsquo;Adam final, par la r\u00e9v\u00e9lation du myst\u00e8re du P\u00e8re et de son amour, r\u00e9v\u00e8le pleinement l&rsquo;homme \u00e0 l&rsquo;homme lui-m\u00eame et rend claire sa vocation supr\u00eame. Il n&rsquo;est donc pas surprenant qu&rsquo;en Lui toutes les v\u00e9rit\u00e9s susmentionn\u00e9es trouvent leur racine et atteignent leur couronnement\u00a0\u00bb.<\/h5><p>Constitution pastorale du Concile Vatican II sur l&rsquo;\u00c9glise dans le monde de ce temps Gaudium et Spes : 21, 22<\/p>\t\t\t\t\t\t\t\t<\/div>\n\t\t\t\t<\/div>\n\t\t\t\t\t<\/div>\n\t\t<\/div>\n\t\t\t\t\t<\/div>\n\t\t<\/section>\n\t\t\t\t<\/div>\n\t\t","protected":false},"excerpt":{"rendered":"<p>MENU FAIRE UN DON \u00ab\u00a0Aupr\u00e8s du C\u0153ur du Christ, le c\u0153ur de l\u2019homme apprend \u00e0 conna\u00eetre le sens v\u00e9ritable et unique de sa vie et de son destin, \u00e0 comprendre la valeur d\u2019une vie authentiquement chr\u00e9tienne, \u00e0 se garder de certaines perversions du c\u0153ur humain, \u00e0 joindre l\u2019amour filial envers [&hellip;]<\/p>\n","protected":false},"author":1,"featured_media":0,"parent":0,"menu_order":0,"comment_status":"closed","ping_status":"closed","template":"page-templates\/template-pagebuilder-full-width.php","meta":{"footnotes":""},"class_list":["post-1658","page","type-page","status-publish","hentry"],"_links":{"self":[{"href":"http:\/\/academiecoriesu.com\/fr\/wp-json\/wp\/v2\/pages\/1658","targetHints":{"allow":["GET"]}}],"collection":[{"href":"http:\/\/academiecoriesu.com\/fr\/wp-json\/wp\/v2\/pages"}],"about":[{"href":"http:\/\/academiecoriesu.com\/fr\/wp-json\/wp\/v2\/types\/page"}],"author":[{"embeddable":true,"href":"http:\/\/academiecoriesu.com\/fr\/wp-json\/wp\/v2\/users\/1"}],"replies":[{"embeddable":true,"href":"http:\/\/academiecoriesu.com\/fr\/wp-json\/wp\/v2\/comments?post=1658"}],"version-history":[{"count":13,"href":"http:\/\/academiecoriesu.com\/fr\/wp-json\/wp\/v2\/pages\/1658\/revisions"}],"predecessor-version":[{"id":1693,"href":"http:\/\/academiecoriesu.com\/fr\/wp-json\/wp\/v2\/pages\/1658\/revisions\/1693"}],"wp:attachment":[{"href":"http:\/\/academiecoriesu.com\/fr\/wp-json\/wp\/v2\/media?parent=1658"}],"curies":[{"name":"wp","href":"https:\/\/api.w.org\/{rel}","templated":true}]}}