{"id":27,"date":"2021-10-15T16:52:41","date_gmt":"2021-10-15T14:52:41","guid":{"rendered":"http:\/\/academiecoriesu.com\/?page_id=27"},"modified":"2023-08-07T12:01:51","modified_gmt":"2023-08-07T10:01:51","slug":"mission","status":"publish","type":"page","link":"http:\/\/academiecoriesu.com\/fr\/mission\/","title":{"rendered":"Mission"},"content":{"rendered":"\t\t<div data-elementor-type=\"wp-page\" data-elementor-id=\"27\" class=\"elementor elementor-27\" data-elementor-post-type=\"page\">\n\t\t\t\t\t\t<section class=\"elementor-section elementor-top-section elementor-element elementor-element-013531e elementor-section-height-min-height elementor-section-boxed elementor-section-height-default elementor-section-items-middle\" data-id=\"013531e\" data-element_type=\"section\" data-e-type=\"section\" data-settings=\"{&quot;background_background&quot;:&quot;classic&quot;}\">\n\t\t\t\t\t\t\t<div class=\"elementor-background-overlay\"><\/div>\n\t\t\t\t\t\t\t<div class=\"elementor-container elementor-column-gap-default\">\n\t\t\t\t\t<div class=\"elementor-column elementor-col-100 elementor-top-column elementor-element elementor-element-92f62d3\" data-id=\"92f62d3\" data-element_type=\"column\" data-e-type=\"column\">\n\t\t\t<div class=\"elementor-widget-wrap elementor-element-populated\">\n\t\t\t\t\t\t<div class=\"elementor-element elementor-element-15f440f elementor-widget elementor-widget-heading\" data-id=\"15f440f\" data-element_type=\"widget\" data-e-type=\"widget\" data-widget_type=\"heading.default\">\n\t\t\t\t<div class=\"elementor-widget-container\">\n\t\t\t\t\t<h2 class=\"elementor-heading-title elementor-size-default\">Nos missions<\/h2>\t\t\t\t<\/div>\n\t\t\t\t<\/div>\n\t\t\t\t\t<\/div>\n\t\t<\/div>\n\t\t\t\t\t<\/div>\n\t\t<\/section>\n\t\t\t\t<section class=\"elementor-section elementor-top-section elementor-element elementor-element-7cfc078 elementor-section-boxed elementor-section-height-default elementor-section-height-default\" data-id=\"7cfc078\" data-element_type=\"section\" data-e-type=\"section\" data-settings=\"{&quot;background_background&quot;:&quot;classic&quot;}\">\n\t\t\t\t\t\t<div class=\"elementor-container elementor-column-gap-default\">\n\t\t\t\t\t<div class=\"elementor-column elementor-col-100 elementor-top-column elementor-element elementor-element-e545a70\" data-id=\"e545a70\" data-element_type=\"column\" data-e-type=\"column\">\n\t\t\t<div class=\"elementor-widget-wrap elementor-element-populated\">\n\t\t\t\t\t\t<div class=\"elementor-element elementor-element-46fe4bb elementor-widget elementor-widget-text-editor\" data-id=\"46fe4bb\" data-element_type=\"widget\" data-e-type=\"widget\" data-widget_type=\"text-editor.default\">\n\t\t\t\t<div class=\"elementor-widget-container\">\n\t\t\t\t\t\t\t\t\t<p>L&rsquo;Acad\u00e9mie Cor Iesu (ACI) existe pour offrir une vision sur la vaste et profonde tradition intellectuelle catholique et pour servir de passerelle vers la tradition chr\u00e9tienne telle qu&rsquo;elle est v\u00e9cue aujourd&rsquo;hui dans la ville o\u00f9 la d\u00e9votion au Sacr\u00e9-C\u0153ur de J\u00e9sus, si connue et aim\u00e9e dans le monde entier, a commenc\u00e9 \u00e0 la suite des apparitions de J\u00e9sus \u00e0 une religieuse du monast\u00e8re de la Visitation, Sainte Marguerite Marie Alacoque, il y a pr\u00e8s de quatre cents ans. En tant que telle, la maison de l&rsquo;Acad\u00e9mie, Paray-le-Monial, est un lieu vraiment unique pour promouvoir la formation acad\u00e9mique et le d\u00e9veloppement professionnel profond\u00e9ment enracin\u00e9s dans l&rsquo;humanisme chr\u00e9tien et l&rsquo;ouverture \u00e0 la v\u00e9rit\u00e9 transcendante r\u00e9v\u00e9l\u00e9e dans la Personne du Christ.&nbsp;&nbsp;<\/p>\n<p>&nbsp;<\/p>\n<p>Conform\u00e9ment \u00e0 la signification originale du mot grec acad\u00e9mie, qui d\u00e9signe un rassemblement de personnes \u00e9rudites, l&rsquo;ACI existe en partenariat et en collaboration avec des universit\u00e9s et des instituts catholiques du monde entier. L&rsquo;ACI est un centre o\u00f9 les \u00e9tudiants et les universitaires de toutes cultures, ethnies et croyances peuvent se r\u00e9unir pour s&rsquo;engager de mani\u00e8re collaborative et cr\u00e9ative dans la recherche interdisciplinaire, le dialogue et les \u00e9changes culturels.<\/p>\n<p><br><\/p>\n<p>La mission principale de l&rsquo;ACI est d&rsquo;organiser et de g\u00e9rer des programmes d&rsquo;\u00e9tudes pour les \u00e9tudiants et les professeurs de premier et deuxi\u00e8me cycles. Nos programmes d&rsquo;\u00e9tudes transforment la ville de Paray-le-Monial et la r\u00e9gion bourguignonne environnante en une \u00ab\u00a0salle de classe\u00a0\u00bb qui immerge les \u00e9tudiants universitaires et les professeurs dans le riche patrimoine culturel, historique, religieux, litt\u00e9raire, scientifique et artistique de la r\u00e9gion, qui continue de fa\u00e7onner et de former la tapisserie complexe des r\u00e9alit\u00e9s sociales, politiques, \u00e9conomiques et acad\u00e9miques de la France, de l&rsquo;Europe et de notre monde actuel.<\/p>\n<div><br><\/div>\t\t\t\t\t\t\t\t<\/div>\n\t\t\t\t<\/div>\n\t\t\t\t\t<\/div>\n\t\t<\/div>\n\t\t\t\t\t<\/div>\n\t\t<\/section>\n\t\t\t\t<\/div>\n\t\t","protected":false},"excerpt":{"rendered":"<p>Nos missions L&rsquo;Acad\u00e9mie Cor Iesu (ACI) existe pour offrir une vision sur la vaste et profonde tradition intellectuelle catholique et pour servir de passerelle vers la tradition chr\u00e9tienne telle qu&rsquo;elle est v\u00e9cue aujourd&rsquo;hui dans la ville o\u00f9 la d\u00e9votion au Sacr\u00e9-C\u0153ur de J\u00e9sus, si connue et aim\u00e9e dans le monde [&hellip;]<\/p>\n","protected":false},"author":1,"featured_media":0,"parent":0,"menu_order":0,"comment_status":"closed","ping_status":"closed","template":"page-templates\/template-pagebuilder-full-width.php","meta":{"footnotes":""},"class_list":["post-27","page","type-page","status-publish","hentry"],"_links":{"self":[{"href":"http:\/\/academiecoriesu.com\/fr\/wp-json\/wp\/v2\/pages\/27","targetHints":{"allow":["GET"]}}],"collection":[{"href":"http:\/\/academiecoriesu.com\/fr\/wp-json\/wp\/v2\/pages"}],"about":[{"href":"http:\/\/academiecoriesu.com\/fr\/wp-json\/wp\/v2\/types\/page"}],"author":[{"embeddable":true,"href":"http:\/\/academiecoriesu.com\/fr\/wp-json\/wp\/v2\/users\/1"}],"replies":[{"embeddable":true,"href":"http:\/\/academiecoriesu.com\/fr\/wp-json\/wp\/v2\/comments?post=27"}],"version-history":[{"count":55,"href":"http:\/\/academiecoriesu.com\/fr\/wp-json\/wp\/v2\/pages\/27\/revisions"}],"predecessor-version":[{"id":1716,"href":"http:\/\/academiecoriesu.com\/fr\/wp-json\/wp\/v2\/pages\/27\/revisions\/1716"}],"wp:attachment":[{"href":"http:\/\/academiecoriesu.com\/fr\/wp-json\/wp\/v2\/media?parent=27"}],"curies":[{"name":"wp","href":"https:\/\/api.w.org\/{rel}","templated":true}]}}