{"id":29,"date":"2021-10-15T16:53:24","date_gmt":"2021-10-15T14:53:24","guid":{"rendered":"http:\/\/academiecoriesu.com\/?page_id=29"},"modified":"2023-08-07T12:00:30","modified_gmt":"2023-08-07T10:00:30","slug":"activities","status":"publish","type":"page","link":"http:\/\/academiecoriesu.com\/fr\/activities\/","title":{"rendered":"Activit\u00e9s"},"content":{"rendered":"\t\t<div data-elementor-type=\"wp-page\" data-elementor-id=\"29\" class=\"elementor elementor-29\" data-elementor-post-type=\"page\">\n\t\t\t\t\t\t<section class=\"elementor-section elementor-top-section elementor-element elementor-element-8492548 elementor-section-height-min-height elementor-section-boxed elementor-section-height-default elementor-section-items-middle\" data-id=\"8492548\" data-element_type=\"section\" data-e-type=\"section\" data-settings=\"{&quot;background_background&quot;:&quot;classic&quot;}\">\n\t\t\t\t\t\t\t<div class=\"elementor-background-overlay\"><\/div>\n\t\t\t\t\t\t\t<div class=\"elementor-container elementor-column-gap-default\">\n\t\t\t\t\t<div class=\"elementor-column elementor-col-100 elementor-top-column elementor-element elementor-element-d11eb5b\" data-id=\"d11eb5b\" data-element_type=\"column\" data-e-type=\"column\">\n\t\t\t<div class=\"elementor-widget-wrap elementor-element-populated\">\n\t\t\t\t\t\t<div class=\"elementor-element elementor-element-c7a4884 elementor-widget elementor-widget-heading\" data-id=\"c7a4884\" data-element_type=\"widget\" data-e-type=\"widget\" data-widget_type=\"heading.default\">\n\t\t\t\t<div class=\"elementor-widget-container\">\n\t\t\t\t\t<h2 class=\"elementor-heading-title elementor-size-default\">LES ACTIVIT\u00c9S<\/h2>\t\t\t\t<\/div>\n\t\t\t\t<\/div>\n\t\t\t\t\t<\/div>\n\t\t<\/div>\n\t\t\t\t\t<\/div>\n\t\t<\/section>\n\t\t\t\t<section class=\"elementor-section elementor-top-section elementor-element elementor-element-efdee33 elementor-section-boxed elementor-section-height-default elementor-section-height-default\" data-id=\"efdee33\" data-element_type=\"section\" data-e-type=\"section\">\n\t\t\t\t\t\t<div class=\"elementor-container elementor-column-gap-default\">\n\t\t\t\t\t<div class=\"elementor-column elementor-col-100 elementor-top-column elementor-element elementor-element-d4e4007\" data-id=\"d4e4007\" data-element_type=\"column\" data-e-type=\"column\">\n\t\t\t<div class=\"elementor-widget-wrap elementor-element-populated\">\n\t\t\t\t\t\t<div class=\"elementor-element elementor-element-f1a0f91 elementor-widget elementor-widget-text-editor\" data-id=\"f1a0f91\" data-element_type=\"widget\" data-e-type=\"widget\" data-widget_type=\"text-editor.default\">\n\t\t\t\t<div class=\"elementor-widget-container\">\n\t\t\t\t\t\t\t\t\t<p><span style=\"font-weight: 400;\">En fonction des besoins des \u00e9tablissements catholiques d&rsquo;enseignement sup\u00e9rieur partenaires, les programmes de premier et de deuxi\u00e8me cycle de l&rsquo;Acad\u00e9mie Cor Iesu peuvent prendre la forme de cours d&rsquo;une semaine ou d&rsquo;un semestre, selon les besoins de chaque facult\u00e9 universitaire, et de conf\u00e9rences et ateliers d&rsquo;un week-end ou d&rsquo;une semaine qui peuvent am\u00e9liorer le contenu et l&rsquo;enseignement de cours pr\u00e9existants approuv\u00e9s par la facult\u00e9 universitaire. L&rsquo;AIC est \u00e9galement en mesure de travailler avec les facult\u00e9s sur des projets de recherche conjoints r\u00e9guliers ou p\u00e9riodiques. Tous ces programmes peuvent \u00eatre men\u00e9s en personne ou en ligne.<\/span><\/p>\t\t\t\t\t\t\t\t<\/div>\n\t\t\t\t<\/div>\n\t\t\t\t\t<\/div>\n\t\t<\/div>\n\t\t\t\t\t<\/div>\n\t\t<\/section>\n\t\t\t\t<section class=\"elementor-section elementor-top-section elementor-element elementor-element-0f5590c elementor-section-boxed elementor-section-height-default elementor-section-height-default\" data-id=\"0f5590c\" data-element_type=\"section\" data-e-type=\"section\" data-settings=\"{&quot;background_background&quot;:&quot;classic&quot;}\">\n\t\t\t\t\t\t<div class=\"elementor-container elementor-column-gap-default\">\n\t\t\t\t\t<div class=\"elementor-column elementor-col-100 elementor-top-column elementor-element elementor-element-aa2e52c\" data-id=\"aa2e52c\" data-element_type=\"column\" data-e-type=\"column\">\n\t\t\t<div class=\"elementor-widget-wrap elementor-element-populated\">\n\t\t\t\t\t\t<div class=\"elementor-element elementor-element-870d544 elementor-widget elementor-widget-heading\" data-id=\"870d544\" data-element_type=\"widget\" data-e-type=\"widget\" data-widget_type=\"heading.default\">\n\t\t\t\t<div class=\"elementor-widget-container\">\n\t\t\t\t\t<h2 class=\"elementor-heading-title elementor-size-default\">Voici un aper\u00e7u des disciplines et domaines d'\u00e9tudes universitaires qui rel\u00e8vent des comp\u00e9tences de l'ACI :<\/h2>\t\t\t\t<\/div>\n\t\t\t\t<\/div>\n\t\t\t\t<section class=\"elementor-section elementor-inner-section elementor-element elementor-element-60fed8c elementor-section-boxed elementor-section-height-default elementor-section-height-default\" data-id=\"60fed8c\" data-element_type=\"section\" data-e-type=\"section\">\n\t\t\t\t\t\t<div class=\"elementor-container elementor-column-gap-default\">\n\t\t\t\t\t<div class=\"elementor-column elementor-col-50 elementor-inner-column elementor-element elementor-element-cc4c85b\" data-id=\"cc4c85b\" data-element_type=\"column\" data-e-type=\"column\">\n\t\t\t<div class=\"elementor-widget-wrap elementor-element-populated\">\n\t\t\t\t\t\t<div class=\"elementor-element elementor-element-5b1adb6 elementor-widget elementor-widget-text-editor\" data-id=\"5b1adb6\" data-element_type=\"widget\" data-e-type=\"widget\" data-widget_type=\"text-editor.default\">\n\t\t\t\t<div class=\"elementor-widget-container\">\n\t\t\t\t\t\t\t\t\t<p>Anthropologie<br \/>Arch\u00e9ologie<br \/>Histoire de l&rsquo;art<br \/>\u00c9conomie \/ Commerce<br \/>Litt\u00e9rature fran\u00e7aise<br \/>Histoire<br \/>\u00c9tudes internationales<br \/>Langue<br \/>Droit<br \/>Management<\/p>\t\t\t\t\t\t\t\t<\/div>\n\t\t\t\t<\/div>\n\t\t\t\t\t<\/div>\n\t\t<\/div>\n\t\t\t\t<div class=\"elementor-column elementor-col-50 elementor-inner-column elementor-element elementor-element-f7c653a\" data-id=\"f7c653a\" data-element_type=\"column\" data-e-type=\"column\">\n\t\t\t<div class=\"elementor-widget-wrap elementor-element-populated\">\n\t\t\t\t\t\t<div class=\"elementor-element elementor-element-118b819 elementor-widget elementor-widget-text-editor\" data-id=\"118b819\" data-element_type=\"widget\" data-e-type=\"widget\" data-widget_type=\"text-editor.default\">\n\t\t\t\t<div class=\"elementor-widget-container\">\n\t\t\t\t\t\t\t\t\t<p>M\u00e9decine \/ soins infirmiers<br \/>Musique<br \/>Philosophie<br \/>Sciences politiques<br \/>Psychologie<br \/>\u00c9tudes religieuses<br \/>Communications sociales<br \/>Sociologie<br \/>Th\u00e9ologie<\/p>\t\t\t\t\t\t\t\t<\/div>\n\t\t\t\t<\/div>\n\t\t\t\t\t<\/div>\n\t\t<\/div>\n\t\t\t\t\t<\/div>\n\t\t<\/section>\n\t\t\t\t\t<\/div>\n\t\t<\/div>\n\t\t\t\t\t<\/div>\n\t\t<\/section>\n\t\t\t\t<section class=\"elementor-section elementor-top-section elementor-element elementor-element-673a6b7 elementor-section-boxed elementor-section-height-default elementor-section-height-default\" data-id=\"673a6b7\" data-element_type=\"section\" data-e-type=\"section\">\n\t\t\t\t\t\t<div class=\"elementor-container elementor-column-gap-default\">\n\t\t\t\t\t<div class=\"elementor-column elementor-col-100 elementor-top-column elementor-element elementor-element-9fda66e\" data-id=\"9fda66e\" data-element_type=\"column\" data-e-type=\"column\">\n\t\t\t<div class=\"elementor-widget-wrap elementor-element-populated\">\n\t\t\t\t\t\t<div class=\"elementor-element elementor-element-428ec37 elementor-widget elementor-widget-text-editor\" data-id=\"428ec37\" data-element_type=\"widget\" data-e-type=\"widget\" data-widget_type=\"text-editor.default\">\n\t\t\t\t<div class=\"elementor-widget-container\">\n\t\t\t\t\t\t\t\t\t<p>L&rsquo;ACI peut \u00e9galement organiser des retraites pour les professeurs, des formations continues et des s\u00e9minaires pour les professeurs, des programmes pour les administrateurs et les donateurs de l&rsquo;universit\u00e9, ainsi que pour les administrateurs de l&rsquo;universit\u00e9.<\/p><p><br><\/p>\n<p>Bien que la ville natale de l&rsquo;ACI offre un cadre paisible pour promouvoir l&rsquo;\u00e9tude, la r\u00e9flexion et le dialogue, qui sont si cruciaux pour favoriser la formation intellectuelle et l&rsquo;apprentissage, le fait que Paray-le-Monial soit facilement accessible \u00e0 ceux qui viennent des villes de Lyon et de Paris signifie qu&rsquo;il est possible de collaborer avec des professeurs d&rsquo;universit\u00e9 et des experts professionnels qui peuvent \u00eatre pr\u00e9sents pour engager les \u00e9tudiants et le corps enseignant dans tous nos programmes d&rsquo;\u00e9tude. En outre, l&rsquo;ACI dispose d&rsquo;un r\u00e9seau de contacts avec d&rsquo;autres \u00e9tablissements d&rsquo;enseignement sup\u00e9rieur et institutions culturelles, \u00e9conomiques, politiques, scientifiques et religieuses dans la r\u00e9gion, en France et dans toute l&rsquo;Europe. Ces ressources, ainsi que les liens multiculturels intrins\u00e8ques de la r\u00e9gion en Europe et dans le monde m\u00e9diterran\u00e9en, permettent \u00e0 l&rsquo;ACI d&rsquo;offrir des possibilit\u00e9s de construire des \u00ab\u00a0ponts de compr\u00e9hension\u00a0\u00bb et de promouvoir des liens d&rsquo;apprentissage entre les \u00e9tudiants universitaires et les professeurs de divers horizons politiques, ethniques, religieux et culturels.<\/p>\n<p><br><\/p><p>L&rsquo;ACI existe \u00e9galement pour servir la communaut\u00e9 locale en organisant r\u00e9guli\u00e8rement des conf\u00e9rences, des programmes de formation et d&rsquo;autres types d&rsquo;opportunit\u00e9s d&rsquo;apprentissage interactif en th\u00e9ologie et dans d&rsquo;autres disciplines connexes en collaboration avec le dioc\u00e8se d&rsquo;Autun, de Chalon-sur-Sa\u00f4ne et de M\u00e2con pour les habitants de Paray-le-Monial et de la r\u00e9gion environnante tout au long de l&rsquo;ann\u00e9e. <\/p>\t\t\t\t\t\t\t\t<\/div>\n\t\t\t\t<\/div>\n\t\t\t\t\t<\/div>\n\t\t<\/div>\n\t\t\t\t\t<\/div>\n\t\t<\/section>\n\t\t\t\t<\/div>\n\t\t","protected":false},"excerpt":{"rendered":"<p>LES ACTIVIT\u00c9S En fonction des besoins des \u00e9tablissements catholiques d&rsquo;enseignement sup\u00e9rieur partenaires, les programmes de premier et de deuxi\u00e8me cycle de l&rsquo;Acad\u00e9mie Cor Iesu peuvent prendre la forme de cours d&rsquo;une semaine ou d&rsquo;un semestre, selon les besoins de chaque facult\u00e9 universitaire, et de conf\u00e9rences et ateliers d&rsquo;un week-end ou [&hellip;]<\/p>\n","protected":false},"author":1,"featured_media":0,"parent":0,"menu_order":0,"comment_status":"closed","ping_status":"closed","template":"page-templates\/template-pagebuilder-full-width.php","meta":{"footnotes":""},"class_list":["post-29","page","type-page","status-publish","hentry"],"_links":{"self":[{"href":"http:\/\/academiecoriesu.com\/fr\/wp-json\/wp\/v2\/pages\/29","targetHints":{"allow":["GET"]}}],"collection":[{"href":"http:\/\/academiecoriesu.com\/fr\/wp-json\/wp\/v2\/pages"}],"about":[{"href":"http:\/\/academiecoriesu.com\/fr\/wp-json\/wp\/v2\/types\/page"}],"author":[{"embeddable":true,"href":"http:\/\/academiecoriesu.com\/fr\/wp-json\/wp\/v2\/users\/1"}],"replies":[{"embeddable":true,"href":"http:\/\/academiecoriesu.com\/fr\/wp-json\/wp\/v2\/comments?post=29"}],"version-history":[{"count":77,"href":"http:\/\/academiecoriesu.com\/fr\/wp-json\/wp\/v2\/pages\/29\/revisions"}],"predecessor-version":[{"id":1713,"href":"http:\/\/academiecoriesu.com\/fr\/wp-json\/wp\/v2\/pages\/29\/revisions\/1713"}],"wp:attachment":[{"href":"http:\/\/academiecoriesu.com\/fr\/wp-json\/wp\/v2\/media?parent=29"}],"curies":[{"name":"wp","href":"https:\/\/api.w.org\/{rel}","templated":true}]}}