{"id":31,"date":"2021-10-15T16:54:54","date_gmt":"2021-10-15T14:54:54","guid":{"rendered":"http:\/\/academiecoriesu.com\/?page_id=31"},"modified":"2023-08-07T12:12:27","modified_gmt":"2023-08-07T10:12:27","slug":"why-paray-le-monial","status":"publish","type":"page","link":"http:\/\/academiecoriesu.com\/fr\/why-paray-le-monial\/","title":{"rendered":"Pourquoi Paray-Le-Monial ?"},"content":{"rendered":"\t\t<div data-elementor-type=\"wp-page\" data-elementor-id=\"31\" class=\"elementor elementor-31\" data-elementor-post-type=\"page\">\n\t\t\t\t\t\t<section class=\"elementor-section elementor-top-section elementor-element elementor-element-0ead0aa elementor-section-height-min-height elementor-section-boxed elementor-section-height-default elementor-section-items-middle\" data-id=\"0ead0aa\" data-element_type=\"section\" data-e-type=\"section\" data-settings=\"{&quot;background_background&quot;:&quot;classic&quot;}\">\n\t\t\t\t\t\t\t<div class=\"elementor-background-overlay\"><\/div>\n\t\t\t\t\t\t\t<div class=\"elementor-container elementor-column-gap-default\">\n\t\t\t\t\t<div class=\"elementor-column elementor-col-100 elementor-top-column elementor-element elementor-element-c999cf6\" data-id=\"c999cf6\" data-element_type=\"column\" data-e-type=\"column\">\n\t\t\t<div class=\"elementor-widget-wrap elementor-element-populated\">\n\t\t\t\t\t\t<div class=\"elementor-element elementor-element-379845e elementor-widget elementor-widget-heading\" data-id=\"379845e\" data-element_type=\"widget\" data-e-type=\"widget\" data-widget_type=\"heading.default\">\n\t\t\t\t<div class=\"elementor-widget-container\">\n\t\t\t\t\t<h2 class=\"elementor-heading-title elementor-size-default\">Pourquoi Paray-le-Monial ?<\/h2>\t\t\t\t<\/div>\n\t\t\t\t<\/div>\n\t\t\t\t\t<\/div>\n\t\t<\/div>\n\t\t\t\t\t<\/div>\n\t\t<\/section>\n\t\t\t\t<section class=\"elementor-section elementor-top-section elementor-element elementor-element-e762790 elementor-section-full_width elementor-section-height-default elementor-section-height-default\" data-id=\"e762790\" data-element_type=\"section\" data-e-type=\"section\">\n\t\t\t\t\t\t<div class=\"elementor-container elementor-column-gap-default\">\n\t\t\t\t\t<div class=\"elementor-column elementor-col-100 elementor-top-column elementor-element elementor-element-0417844\" data-id=\"0417844\" data-element_type=\"column\" data-e-type=\"column\">\n\t\t\t<div class=\"elementor-widget-wrap elementor-element-populated\">\n\t\t\t\t\t\t<section class=\"elementor-section elementor-inner-section elementor-element elementor-element-ccb3f85 elementor-section-content-middle elementor-section-full_width elementor-section-height-default elementor-section-height-default\" data-id=\"ccb3f85\" data-element_type=\"section\" data-e-type=\"section\">\n\t\t\t\t\t\t<div class=\"elementor-container elementor-column-gap-default\">\n\t\t\t\t\t<div class=\"elementor-column elementor-col-50 elementor-inner-column elementor-element elementor-element-eb9ff44\" data-id=\"eb9ff44\" data-element_type=\"column\" data-e-type=\"column\">\n\t\t\t<div class=\"elementor-widget-wrap elementor-element-populated\">\n\t\t\t\t\t\t<div class=\"elementor-element elementor-element-f240f49 elementor-widget elementor-widget-text-editor\" data-id=\"f240f49\" data-element_type=\"widget\" data-e-type=\"widget\" data-widget_type=\"text-editor.default\">\n\t\t\t\t<div class=\"elementor-widget-container\">\n\t\t\t\t\t\t\t\t\t<p><\/p>\n<p>Les universit\u00e9s et instituts catholiques ont aujourd&rsquo;hui une myriade de possibilit\u00e9s de partenariat avec des organisations pour organiser des programmes d&rsquo;\u00e9tudes \u00e0 l&rsquo;\u00e9tranger. Alors pourquoi choisir l&rsquo;Acad\u00e9mie Cor Iesu \u00e0 Paray-le-Monial ? Il y a trois raisons qui font que l&rsquo;ACI se distingue :&nbsp;<\/p>\n<p>1. Un engagement \u00e0 fournir aux \u00e9tudiants et aux professeurs l&rsquo;acc\u00e8s \u00e0 des ressources, quelle que soit leur discipline acad\u00e9mique, qui leur permettent de s&rsquo;engager dans des \u00e9tudes et des recherches enracin\u00e9es dans la tradition intellectuelle catholique.&nbsp;<\/p>\n<p>2. Une programmation centr\u00e9e sur la personne dans un lieu unique, historique et contemplatif qui offre un environnement amical et hospitalier propice \u00e0 l&rsquo;\u00e9tude, la recherche, la r\u00e9flexion et le dialogue.<\/p>\n<p>3. La participation \u00e0 une communaut\u00e9 eccl\u00e9siale locale vibrante, dynamique et diversifi\u00e9e, ayant des liens intrins\u00e8ques avec l&rsquo;\u00c9glise internationale et un large r\u00e9seau de ressources pour promouvoir l&rsquo;\u00e9tude et la recherche universitaire.&nbsp;<\/p>\t\t\t\t\t\t\t\t<\/div>\n\t\t\t\t<\/div>\n\t\t\t\t\t<\/div>\n\t\t<\/div>\n\t\t\t\t<div class=\"elementor-column elementor-col-50 elementor-inner-column elementor-element elementor-element-50c754e\" data-id=\"50c754e\" data-element_type=\"column\" data-e-type=\"column\" data-settings=\"{&quot;background_background&quot;:&quot;classic&quot;}\">\n\t\t\t<div class=\"elementor-widget-wrap elementor-element-populated\">\n\t\t\t\t\t\t<div class=\"elementor-element elementor-element-b9e3024 elementor-widget elementor-widget-spacer\" data-id=\"b9e3024\" data-element_type=\"widget\" data-e-type=\"widget\" data-widget_type=\"spacer.default\">\n\t\t\t\t<div class=\"elementor-widget-container\">\n\t\t\t\t\t\t\t<div class=\"elementor-spacer\">\n\t\t\t<div class=\"elementor-spacer-inner\"><\/div>\n\t\t<\/div>\n\t\t\t\t\t\t<\/div>\n\t\t\t\t<\/div>\n\t\t\t\t\t<\/div>\n\t\t<\/div>\n\t\t\t\t\t<\/div>\n\t\t<\/section>\n\t\t\t\t\t<\/div>\n\t\t<\/div>\n\t\t\t\t\t<\/div>\n\t\t<\/section>\n\t\t\t\t<section class=\"elementor-section elementor-top-section elementor-element elementor-element-69921d8 elementor-section-full_width elementor-section-height-default elementor-section-height-default\" data-id=\"69921d8\" data-element_type=\"section\" data-e-type=\"section\">\n\t\t\t\t\t\t<div class=\"elementor-container elementor-column-gap-default\">\n\t\t\t\t\t<div class=\"elementor-column elementor-col-100 elementor-top-column elementor-element elementor-element-204daff\" data-id=\"204daff\" data-element_type=\"column\" data-e-type=\"column\">\n\t\t\t<div class=\"elementor-widget-wrap elementor-element-populated\">\n\t\t\t\t\t\t<section class=\"elementor-section elementor-inner-section elementor-element elementor-element-59ec522 elementor-section-content-middle elementor-section-full_width elementor-reverse-tablet elementor-reverse-mobile elementor-section-height-default elementor-section-height-default\" data-id=\"59ec522\" data-element_type=\"section\" data-e-type=\"section\">\n\t\t\t\t\t\t<div class=\"elementor-container elementor-column-gap-default\">\n\t\t\t\t\t<div class=\"elementor-column elementor-col-50 elementor-inner-column elementor-element elementor-element-5c93483\" data-id=\"5c93483\" data-element_type=\"column\" data-e-type=\"column\" data-settings=\"{&quot;background_background&quot;:&quot;classic&quot;}\">\n\t\t\t<div class=\"elementor-widget-wrap elementor-element-populated\">\n\t\t\t\t\t\t<div class=\"elementor-element elementor-element-79cd954 elementor-widget elementor-widget-spacer\" data-id=\"79cd954\" data-element_type=\"widget\" data-e-type=\"widget\" data-widget_type=\"spacer.default\">\n\t\t\t\t<div class=\"elementor-widget-container\">\n\t\t\t\t\t\t\t<div class=\"elementor-spacer\">\n\t\t\t<div class=\"elementor-spacer-inner\"><\/div>\n\t\t<\/div>\n\t\t\t\t\t\t<\/div>\n\t\t\t\t<\/div>\n\t\t\t\t\t<\/div>\n\t\t<\/div>\n\t\t\t\t<div class=\"elementor-column elementor-col-50 elementor-inner-column elementor-element elementor-element-9fcd33c\" data-id=\"9fcd33c\" data-element_type=\"column\" data-e-type=\"column\">\n\t\t\t<div class=\"elementor-widget-wrap elementor-element-populated\">\n\t\t\t\t\t\t<div class=\"elementor-element elementor-element-d825243 elementor-widget elementor-widget-text-editor\" data-id=\"d825243\" data-element_type=\"widget\" data-e-type=\"widget\" data-widget_type=\"text-editor.default\">\n\t\t\t\t<div class=\"elementor-widget-container\">\n\t\t\t\t\t\t\t\t\t<p><span style=\"font-size: inherit;\">Les origines de la ville de Paray-le-Monial remontent \u00e0 la cr\u00e9ation d&rsquo;un prieur\u00e9 monastique et \u00e0 la cons\u00e9cration d&rsquo;une \u00e9glise sur une colline de la vall\u00e9e du Val d&rsquo;Or en 977 de notre \u00e8re. La fondation du prieur\u00e9 a \u00e9t\u00e9 voulue par l&rsquo;abb\u00e9 de la c\u00e9l\u00e8bre et historiquement importante abbaye Saint-Pierre de Cluny, saint Ma\u00efeul (954-994 de notre \u00e8re), comme un acte de remerciement \u00ab\u00a0en reconnaissance de tout le bien que Dieu avait fait pour moi\u00a0\u00bb.\u00a0<\/span><\/p><p>Fils du premier comte h\u00e9r\u00e9ditaire de Ch\u00e2lon-sur-Sa\u00f4ne, Hugues Ier, chanoine de la cath\u00e9drale d&rsquo;Autun, fait officiellement don du prieur\u00e9 et de l&rsquo;\u00e9glise Notre-Dame \u00e0 l&rsquo;abbaye de Cluny en 999, apr\u00e8s sa cons\u00e9cration comme \u00e9v\u00eaque d&rsquo;Auxerre. L&rsquo;\u00e9glise fut reconstruite et transform\u00e9e en la magnifique basilique abbatiale \u00e0 l&rsquo;\u00e9poque de l&rsquo;abb\u00e9 de Saint-Pierre de Cluny, Hugues de Semur (1049-1109). Il est probable que les chantiers initi\u00e9s par les moines \u00e0 cette \u00e9poque ont attir\u00e9 les populations des collines environnantes de la vall\u00e9e et que c&rsquo;est l\u00e0, sur les terres appartenant au prieur\u00e9, que se sont install\u00e9s les premiers habitants de Paray-le-Monial.<\/p><p>Ainsi, d\u00e8s sa cr\u00e9ation, la ville et sa vie sociale, \u00e9conomique et politique se sont organis\u00e9es autour des id\u00e9aux de la vie monastique de Cluny tels qu&rsquo;ils sont expos\u00e9s dans la R\u00e8gle de Saint Beno\u00eet : rendre gr\u00e2ce \u00e0 Dieu par la pri\u00e8re et la formation spirituelle, et promouvoir la dignit\u00e9 de la personne humaine par le travail et la formation culturelle, et la poursuite active de la recherche et de l&rsquo;apprentissage en organisant une formation intellectuelle permanente. \u00c0 cette derni\u00e8re fin, le monast\u00e8re de Cluny avait d\u00e9velopp\u00e9 dans sa biblioth\u00e8que l&rsquo;une des plus importantes collections de manuscrits de France et de toute l&rsquo;Europe.<\/p>\t\t\t\t\t\t\t\t<\/div>\n\t\t\t\t<\/div>\n\t\t\t\t\t<\/div>\n\t\t<\/div>\n\t\t\t\t\t<\/div>\n\t\t<\/section>\n\t\t\t\t\t<\/div>\n\t\t<\/div>\n\t\t\t\t\t<\/div>\n\t\t<\/section>\n\t\t\t\t<section class=\"elementor-section elementor-top-section elementor-element elementor-element-fb041ee elementor-section-full_width elementor-section-height-default elementor-section-height-default\" data-id=\"fb041ee\" data-element_type=\"section\" data-e-type=\"section\">\n\t\t\t\t\t\t<div class=\"elementor-container elementor-column-gap-default\">\n\t\t\t\t\t<div class=\"elementor-column elementor-col-100 elementor-top-column elementor-element elementor-element-b7d7df7\" data-id=\"b7d7df7\" data-element_type=\"column\" data-e-type=\"column\">\n\t\t\t<div class=\"elementor-widget-wrap elementor-element-populated\">\n\t\t\t\t\t\t<section class=\"elementor-section elementor-inner-section elementor-element elementor-element-d27a813 elementor-section-content-middle elementor-section-full_width elementor-section-height-default elementor-section-height-default\" data-id=\"d27a813\" data-element_type=\"section\" data-e-type=\"section\">\n\t\t\t\t\t\t<div class=\"elementor-container elementor-column-gap-default\">\n\t\t\t\t\t<div class=\"elementor-column elementor-col-50 elementor-inner-column elementor-element elementor-element-55d8fc6\" data-id=\"55d8fc6\" data-element_type=\"column\" data-e-type=\"column\">\n\t\t\t<div class=\"elementor-widget-wrap elementor-element-populated\">\n\t\t\t\t\t\t<div class=\"elementor-element elementor-element-22b0714 elementor-widget elementor-widget-text-editor\" data-id=\"22b0714\" data-element_type=\"widget\" data-e-type=\"widget\" data-widget_type=\"text-editor.default\">\n\t\t\t\t<div class=\"elementor-widget-container\">\n\t\t\t\t\t\t\t\t\t<p>En 1619, les premiers j\u00e9suites arrivent \u00e0 Paray-le-Monial apr\u00e8s que la ville ait commenc\u00e9 \u00e0 rena\u00eetre apr\u00e8s la peste (1346-1348), les ravages de la guerre de Cent Ans (1337-1453) et les guerres de religion (1562-1598). Ils ont cr\u00e9\u00e9 un coll\u00e8ge pour favoriser l&rsquo;apprentissage et ont assur\u00e9 la vie religieuse des habitants de la ville \u00e0 la suite de la perturbation de la vie du monast\u00e8re b\u00e9n\u00e9dictin. En 1632, l&rsquo;Ordre de la Visitation nouvellement fond\u00e9, avec l&rsquo;encouragement des J\u00e9suites, \u00e9tablit le premier monast\u00e8re de religieuses \u00e0 Paray-le-Monial (qu&rsquo;elles occupent encore aujourd&rsquo;hui, malgr\u00e9 les interruptions de la R\u00e9volution fran\u00e7aise (1798-1823). Sainte Marguerite Marie Alacoque, \u00e0 l&rsquo;\u00e2ge de 24 ans, entra dans ce monast\u00e8re en 1671. Au cours de sa vie de moniale clo\u00eetr\u00e9e, elle connut les gr\u00e2ces extraordinaires de visions mystiques dans lesquelles Notre Seigneur lui manifesta son Sacr\u00e9-C\u0153ur et la chargea de faire conna\u00eetre son \u00ab\u00a0c\u0153ur qui a tant aim\u00e9 les hommes&#8230; qu&rsquo;il se consume dans le d\u00e9sir de leur montrer son amour\u00a0\u00bb. Une fois que son confesseur, le P\u00e8re j\u00e9suite Saint Claude de la Colombi\u00e8re, eut cru la religieuse, et qu&rsquo;il eut peu \u00e0 peu r\u00e9ussi \u00e0 convaincre ses sup\u00e9rieurs de la mission que J\u00e9sus voulait confier \u00e0 la Compagnie de J\u00e9sus de diffuser la d\u00e9votion \u00e0 son Sacr\u00e9-C\u0153ur dans le monde entier, Paray-le-Monial sera \u00e0 jamais associ\u00e9 au message de l&rsquo;amour et de la mis\u00e9ricorde de Dieu r\u00e9v\u00e9l\u00e9s par le c\u0153ur transperc\u00e9 et bris\u00e9 de son Fils pour la r\u00e9demption et le salut du monde. Depuis lors, d&rsquo;autres communaut\u00e9s de religieux et d&rsquo;autres mouvements de la\u00efcs ont \u00e9t\u00e9 fond\u00e9s ou se sont inspir\u00e9s de la spiritualit\u00e9 du Sacr\u00e9-C\u0153ur et de la th\u00e9ologie de l&rsquo;amour incarn\u00e9 de Dieu r\u00e9v\u00e9l\u00e9 par le c\u0153ur du Christ.<\/p>\t\t\t\t\t\t\t\t<\/div>\n\t\t\t\t<\/div>\n\t\t\t\t\t<\/div>\n\t\t<\/div>\n\t\t\t\t<div class=\"elementor-column elementor-col-50 elementor-inner-column elementor-element elementor-element-65bf422\" data-id=\"65bf422\" data-element_type=\"column\" data-e-type=\"column\" data-settings=\"{&quot;background_background&quot;:&quot;classic&quot;}\">\n\t\t\t<div class=\"elementor-widget-wrap elementor-element-populated\">\n\t\t\t\t\t\t<div class=\"elementor-element elementor-element-e5871ff elementor-widget elementor-widget-spacer\" data-id=\"e5871ff\" data-element_type=\"widget\" data-e-type=\"widget\" data-widget_type=\"spacer.default\">\n\t\t\t\t<div class=\"elementor-widget-container\">\n\t\t\t\t\t\t\t<div class=\"elementor-spacer\">\n\t\t\t<div class=\"elementor-spacer-inner\"><\/div>\n\t\t<\/div>\n\t\t\t\t\t\t<\/div>\n\t\t\t\t<\/div>\n\t\t\t\t\t<\/div>\n\t\t<\/div>\n\t\t\t\t\t<\/div>\n\t\t<\/section>\n\t\t\t\t\t<\/div>\n\t\t<\/div>\n\t\t\t\t\t<\/div>\n\t\t<\/section>\n\t\t\t\t<section class=\"elementor-section elementor-top-section elementor-element elementor-element-0a9583b elementor-section-full_width elementor-section-height-default elementor-section-height-default\" data-id=\"0a9583b\" data-element_type=\"section\" data-e-type=\"section\">\n\t\t\t\t\t\t<div class=\"elementor-container elementor-column-gap-default\">\n\t\t\t\t\t<div class=\"elementor-column elementor-col-100 elementor-top-column elementor-element elementor-element-1084250\" data-id=\"1084250\" data-element_type=\"column\" data-e-type=\"column\">\n\t\t\t<div class=\"elementor-widget-wrap elementor-element-populated\">\n\t\t\t\t\t\t<section class=\"elementor-section elementor-inner-section elementor-element elementor-element-5c17f88 elementor-section-content-middle elementor-section-full_width elementor-reverse-tablet elementor-reverse-mobile elementor-section-height-default elementor-section-height-default\" data-id=\"5c17f88\" data-element_type=\"section\" data-e-type=\"section\">\n\t\t\t\t\t\t<div class=\"elementor-container elementor-column-gap-default\">\n\t\t\t\t\t<div class=\"elementor-column elementor-col-50 elementor-inner-column elementor-element elementor-element-5b0dae2\" data-id=\"5b0dae2\" data-element_type=\"column\" data-e-type=\"column\" data-settings=\"{&quot;background_background&quot;:&quot;classic&quot;}\">\n\t\t\t<div class=\"elementor-widget-wrap elementor-element-populated\">\n\t\t\t\t\t\t<div class=\"elementor-element elementor-element-2de496b elementor-widget elementor-widget-spacer\" data-id=\"2de496b\" data-element_type=\"widget\" data-e-type=\"widget\" data-widget_type=\"spacer.default\">\n\t\t\t\t<div class=\"elementor-widget-container\">\n\t\t\t\t\t\t\t<div class=\"elementor-spacer\">\n\t\t\t<div class=\"elementor-spacer-inner\"><\/div>\n\t\t<\/div>\n\t\t\t\t\t\t<\/div>\n\t\t\t\t<\/div>\n\t\t\t\t\t<\/div>\n\t\t<\/div>\n\t\t\t\t<div class=\"elementor-column elementor-col-50 elementor-inner-column elementor-element elementor-element-047a280\" data-id=\"047a280\" data-element_type=\"column\" data-e-type=\"column\">\n\t\t\t<div class=\"elementor-widget-wrap elementor-element-populated\">\n\t\t\t\t\t\t<div class=\"elementor-element elementor-element-119d609 elementor-widget elementor-widget-text-editor\" data-id=\"119d609\" data-element_type=\"widget\" data-e-type=\"widget\" data-widget_type=\"text-editor.default\">\n\t\t\t\t<div class=\"elementor-widget-container\">\n\t\t\t\t\t\t\t\t\t<p>Au XXIe si\u00e8cle, Paray-le-Monial demeure le foyer d&rsquo;une communaut\u00e9 de foi dynamique et un lieu unique de rencontre avec la tradition vivante de l&rsquo;\u00c9glise catholique. Chaque ann\u00e9e, d&rsquo;innombrables p\u00e8lerins et chercheurs du monde entier se rendent dans la ville pour des retraites, des activit\u00e9s pastorales et des sessions de formation spirituelle afin de rencontrer la gr\u00e2ce particuli\u00e8re de paix, de gu\u00e9rison et de r\u00e9conciliation dont ce lieu est empreint. L&rsquo;Acad\u00e9mie Cor Iesu est fond\u00e9e dans la continuit\u00e9 de cet h\u00e9ritage vivant de promotion de l&rsquo;effort acad\u00e9mique de la recherche de la v\u00e9rit\u00e9 et de la sagesse \u00e9ternelle.<\/p>\t\t\t\t\t\t\t\t<\/div>\n\t\t\t\t<\/div>\n\t\t\t\t\t<\/div>\n\t\t<\/div>\n\t\t\t\t\t<\/div>\n\t\t<\/section>\n\t\t\t\t\t<\/div>\n\t\t<\/div>\n\t\t\t\t\t<\/div>\n\t\t<\/section>\n\t\t\t\t<\/div>\n\t\t","protected":false},"excerpt":{"rendered":"<p>Pourquoi Paray-le-Monial ? Les universit\u00e9s et instituts catholiques ont aujourd&rsquo;hui une myriade de possibilit\u00e9s de partenariat avec des organisations pour organiser des programmes d&rsquo;\u00e9tudes \u00e0 l&rsquo;\u00e9tranger. Alors pourquoi choisir l&rsquo;Acad\u00e9mie Cor Iesu \u00e0 Paray-le-Monial ? Il y a trois raisons qui font que l&rsquo;ACI se distingue :&nbsp; 1. Un engagement [&hellip;]<\/p>\n","protected":false},"author":1,"featured_media":0,"parent":0,"menu_order":0,"comment_status":"closed","ping_status":"closed","template":"page-templates\/template-pagebuilder-full-width.php","meta":{"footnotes":""},"class_list":["post-31","page","type-page","status-publish","hentry"],"_links":{"self":[{"href":"http:\/\/academiecoriesu.com\/fr\/wp-json\/wp\/v2\/pages\/31","targetHints":{"allow":["GET"]}}],"collection":[{"href":"http:\/\/academiecoriesu.com\/fr\/wp-json\/wp\/v2\/pages"}],"about":[{"href":"http:\/\/academiecoriesu.com\/fr\/wp-json\/wp\/v2\/types\/page"}],"author":[{"embeddable":true,"href":"http:\/\/academiecoriesu.com\/fr\/wp-json\/wp\/v2\/users\/1"}],"replies":[{"embeddable":true,"href":"http:\/\/academiecoriesu.com\/fr\/wp-json\/wp\/v2\/comments?post=31"}],"version-history":[{"count":296,"href":"http:\/\/academiecoriesu.com\/fr\/wp-json\/wp\/v2\/pages\/31\/revisions"}],"predecessor-version":[{"id":1719,"href":"http:\/\/academiecoriesu.com\/fr\/wp-json\/wp\/v2\/pages\/31\/revisions\/1719"}],"wp:attachment":[{"href":"http:\/\/academiecoriesu.com\/fr\/wp-json\/wp\/v2\/media?parent=31"}],"curies":[{"name":"wp","href":"https:\/\/api.w.org\/{rel}","templated":true}]}}