{"id":426,"date":"2021-10-18T13:54:36","date_gmt":"2021-10-18T11:54:36","guid":{"rendered":"http:\/\/academiecoriesu.com\/?page_id=426"},"modified":"2023-08-07T12:15:26","modified_gmt":"2023-08-07T10:15:26","slug":"evenements","status":"publish","type":"page","link":"http:\/\/academiecoriesu.com\/fr\/evenements\/","title":{"rendered":"\u00c9v\u00e9nements"},"content":{"rendered":"\t\t<div data-elementor-type=\"wp-page\" data-elementor-id=\"426\" class=\"elementor elementor-426\" data-elementor-post-type=\"page\">\n\t\t\t\t\t\t<section class=\"elementor-section elementor-top-section elementor-element elementor-element-1e3dad1 elementor-section-height-min-height elementor-section-boxed elementor-section-height-default elementor-section-items-middle\" data-id=\"1e3dad1\" data-element_type=\"section\" data-e-type=\"section\" data-settings=\"{&quot;background_background&quot;:&quot;classic&quot;}\">\n\t\t\t\t\t\t\t<div class=\"elementor-background-overlay\"><\/div>\n\t\t\t\t\t\t\t<div class=\"elementor-container elementor-column-gap-default\">\n\t\t\t\t\t<div class=\"elementor-column elementor-col-100 elementor-top-column elementor-element elementor-element-d50b46e\" data-id=\"d50b46e\" data-element_type=\"column\" data-e-type=\"column\">\n\t\t\t<div class=\"elementor-widget-wrap elementor-element-populated\">\n\t\t\t\t\t\t<div class=\"elementor-element elementor-element-0d80ff8 elementor-widget elementor-widget-heading\" data-id=\"0d80ff8\" data-element_type=\"widget\" data-e-type=\"widget\" data-widget_type=\"heading.default\">\n\t\t\t\t<div class=\"elementor-widget-container\">\n\t\t\t\t\t<h2 class=\"elementor-heading-title elementor-size-default\">Nos \u00e9v\u00e8nements<\/h2>\t\t\t\t<\/div>\n\t\t\t\t<\/div>\n\t\t\t\t\t<\/div>\n\t\t<\/div>\n\t\t\t\t\t<\/div>\n\t\t<\/section>\n\t\t\t\t<section class=\"elementor-section elementor-top-section elementor-element elementor-element-3eb8119 elementor-section-boxed elementor-section-height-default elementor-section-height-default\" data-id=\"3eb8119\" data-element_type=\"section\" data-e-type=\"section\">\n\t\t\t\t\t\t<div class=\"elementor-container elementor-column-gap-default\">\n\t\t\t\t\t<div class=\"elementor-column elementor-col-100 elementor-top-column elementor-element elementor-element-2a4d0bc\" data-id=\"2a4d0bc\" data-element_type=\"column\" data-e-type=\"column\">\n\t\t\t<div class=\"elementor-widget-wrap elementor-element-populated\">\n\t\t\t\t\t\t<div class=\"elementor-element elementor-element-864b2fb elementor-widget elementor-widget-image\" data-id=\"864b2fb\" data-element_type=\"widget\" data-e-type=\"widget\" data-widget_type=\"image.default\">\n\t\t\t\t<div class=\"elementor-widget-container\">\n\t\t\t\t\t\t\t\t\t\t\t\t\t\t\t<img fetchpriority=\"high\" decoding=\"async\" width=\"721\" height=\"1024\" src=\"http:\/\/academiecoriesu.com\/wp-content\/uploads\/2023\/06\/Capture-decran-2023-06-27-a-17.15.52-721x1024.png\" class=\"attachment-large size-large wp-image-1644\" alt=\"\" srcset=\"http:\/\/academiecoriesu.com\/wp-content\/uploads\/2023\/06\/Capture-decran-2023-06-27-a-17.15.52-721x1024.png 721w, http:\/\/academiecoriesu.com\/wp-content\/uploads\/2023\/06\/Capture-decran-2023-06-27-a-17.15.52-211x300.png 211w, http:\/\/academiecoriesu.com\/wp-content\/uploads\/2023\/06\/Capture-decran-2023-06-27-a-17.15.52-768x1090.png 768w, http:\/\/academiecoriesu.com\/wp-content\/uploads\/2023\/06\/Capture-decran-2023-06-27-a-17.15.52-1082x1536.png 1082w, http:\/\/academiecoriesu.com\/wp-content\/uploads\/2023\/06\/Capture-decran-2023-06-27-a-17.15.52-1443x2048.png 1443w, http:\/\/academiecoriesu.com\/wp-content\/uploads\/2023\/06\/Capture-decran-2023-06-27-a-17.15.52-8x12.png 8w, http:\/\/academiecoriesu.com\/wp-content\/uploads\/2023\/06\/Capture-decran-2023-06-27-a-17.15.52.png 1454w\" sizes=\"(max-width: 721px) 100vw, 721px\" \/>\t\t\t\t\t\t\t\t\t\t\t\t\t\t\t<\/div>\n\t\t\t\t<\/div>\n\t\t\t\t\t<\/div>\n\t\t<\/div>\n\t\t\t\t\t<\/div>\n\t\t<\/section>\n\t\t\t\t<section class=\"elementor-section elementor-top-section elementor-element elementor-element-d57603e elementor-section-boxed elementor-section-height-default elementor-section-height-default\" data-id=\"d57603e\" data-element_type=\"section\" data-e-type=\"section\">\n\t\t\t\t\t\t<div class=\"elementor-container elementor-column-gap-default\">\n\t\t\t\t\t<div class=\"elementor-column elementor-col-100 elementor-top-column elementor-element elementor-element-ebf13a5\" data-id=\"ebf13a5\" data-element_type=\"column\" data-e-type=\"column\">\n\t\t\t<div class=\"elementor-widget-wrap elementor-element-populated\">\n\t\t\t\t\t\t<div class=\"elementor-element elementor-element-8eb3b08 elementor-widget elementor-widget-heading\" data-id=\"8eb3b08\" data-element_type=\"widget\" data-e-type=\"widget\" data-widget_type=\"heading.default\">\n\t\t\t\t<div class=\"elementor-widget-container\">\n\t\t\t\t\t<h2 class=\"elementor-heading-title elementor-size-default\">700\u00e8me ANNIVERSAIRE<br>DE LA CANONISATION DE SAINT THOMAS D\u2019AQUIN<\/h2>\t\t\t\t<\/div>\n\t\t\t\t<\/div>\n\t\t\t\t<div class=\"elementor-element elementor-element-4f20912 elementor-widget elementor-widget-text-editor\" data-id=\"4f20912\" data-element_type=\"widget\" data-e-type=\"widget\" data-widget_type=\"text-editor.default\">\n\t\t\t\t<div class=\"elementor-widget-container\">\n\t\t\t\t\t\t\t\t\t<p><strong>EXPOSITION AU MUSEE DU HIERON<\/strong><strong> <\/strong><br \/>10 JUILLET \u2013 1 OCTOBRE 2023<\/p><p><em>INAUGURATION D\u2019EXPOSITION LE LUNDI 10 JUILLET \u00e0 16h30<\/em><\/p><p>\u00a0<\/p><p><\/p><p><strong>REPOSITION DES RELIQUES DE ST THOMAS D\u2019AQUIN <\/strong><strong>CHEZ LE MONASTERE DES DOMINICAINES de PARAY-LE-MONIAL<\/strong><\/p><p>10-22 JUILLET \u2013 8-14 AO\u00dbT 2023<\/p><p><em>La chapelle du monast\u00e8re sera ouverte tous les jours entre 8H et 20H pour la v\u00e9n\u00e9ration des reliques\u00a0: tous les jours de 14H \u00e0 17H30 les reliques seront expos\u00e9es.<\/em><\/p><p>\u00a0<\/p><p><strong>PROGRAMME AU MONASTERE DES DOMINICAINES<\/strong><\/p><p>CONFERENCES PUBLIQUES \u00e0 19H<\/p>\t\t\t\t\t\t\t\t<\/div>\n\t\t\t\t<\/div>\n\t\t\t\t\t<\/div>\n\t\t<\/div>\n\t\t\t\t\t<\/div>\n\t\t<\/section>\n\t\t\t\t<section class=\"elementor-section elementor-top-section elementor-element elementor-element-62006e1 elementor-section-boxed elementor-section-height-default elementor-section-height-default\" data-id=\"62006e1\" data-element_type=\"section\" data-e-type=\"section\">\n\t\t\t\t\t\t<div class=\"elementor-container elementor-column-gap-default\">\n\t\t\t\t\t<div class=\"elementor-column elementor-col-50 elementor-top-column elementor-element elementor-element-e5924cc\" data-id=\"e5924cc\" data-element_type=\"column\" data-e-type=\"column\">\n\t\t\t<div class=\"elementor-widget-wrap elementor-element-populated\">\n\t\t\t\t\t\t<div class=\"elementor-element elementor-element-6d3031d elementor-widget elementor-widget-text-editor\" data-id=\"6d3031d\" data-element_type=\"widget\" data-e-type=\"widget\" data-widget_type=\"text-editor.default\">\n\t\t\t\t<div class=\"elementor-widget-container\">\n\t\t\t\t\t\t\t\t\t11 JUILLET\n<br>\nM Jacques GAFFIOT\n<br>\n<em>Organisateur de l\u2019exposition<\/em>\n<br><br>\n12 JUILLET\n<br>\nP Philippe-Marie MARGELIDON, op\n<br>\n<em>Organisateur pour la province des centenaires<\/em>\n<br><br>\n19 JUILLET\n<br>\nM Robert WHITE\n<br>\n<em>Directeur de l\u2019Acad\u00e9mie Cor Iesu<\/em>\t\t\t\t\t\t\t\t<\/div>\n\t\t\t\t<\/div>\n\t\t\t\t\t<\/div>\n\t\t<\/div>\n\t\t\t\t<div class=\"elementor-column elementor-col-50 elementor-top-column elementor-element elementor-element-c21d842\" data-id=\"c21d842\" data-element_type=\"column\" data-e-type=\"column\">\n\t\t\t<div class=\"elementor-widget-wrap elementor-element-populated\">\n\t\t\t\t\t\t<div class=\"elementor-element elementor-element-6e87201 elementor-widget elementor-widget-text-editor\" data-id=\"6e87201\" data-element_type=\"widget\" data-e-type=\"widget\" data-widget_type=\"text-editor.default\">\n\t\t\t\t<div class=\"elementor-widget-container\">\n\t\t\t\t\t\t\t\t\t23 JUILLET\n<br>\nP Emmanuel PERRIER, op\n<br>\n&nbsp;\n<br>\n07 AO\u00dbT\n<br>\nMgr Jean-Louis BRUGU\u00c8S, op\n<br>\n<em>Pr\u00e9sident de l\u2019Acad\u00e9mie Cor Iesu<\/em>\n<br>\n&nbsp;\n<br>\n10 AO\u00dbT\n<br>\nP Thomas MICHELET, op\n<br>\n&nbsp;\n<br>\n13 AO\u00dbT\n<br>\nP Philippe-Marie MARGELIDON, op\t\t\t\t\t\t\t\t<\/div>\n\t\t\t\t<\/div>\n\t\t\t\t\t<\/div>\n\t\t<\/div>\n\t\t\t\t\t<\/div>\n\t\t<\/section>\n\t\t\t\t<section class=\"elementor-section elementor-top-section elementor-element elementor-element-ecab90d elementor-section-boxed elementor-section-height-default elementor-section-height-default\" data-id=\"ecab90d\" data-element_type=\"section\" data-e-type=\"section\">\n\t\t\t\t\t\t<div class=\"elementor-container elementor-column-gap-default\">\n\t\t\t\t\t<div class=\"elementor-column elementor-col-100 elementor-top-column elementor-element elementor-element-375906e\" data-id=\"375906e\" data-element_type=\"column\" data-e-type=\"column\">\n\t\t\t<div class=\"elementor-widget-wrap elementor-element-populated\">\n\t\t\t\t\t\t<div class=\"elementor-element elementor-element-f9b0712 elementor-widget elementor-widget-text-editor\" data-id=\"f9b0712\" data-element_type=\"widget\" data-e-type=\"widget\" data-widget_type=\"text-editor.default\">\n\t\t\t\t<div class=\"elementor-widget-container\">\n\t\t\t\t\t\t\t\t\t<strong>MESSES \u00e0 8H15<\/strong>\n<br><br>\n\n<strong>10\u00a0JUILLET<\/strong>\n<br>\nINAUGURATION DE L\u2019EXPOSITION ET REPOSITION DES RELIQUES\n<br>\nMgr Jean-Louis BRUGU\u00c8S, op\n\n<br><br>\n<strong>13 JUILLET<\/strong><br>\nJOUR DE L\u2019ANNIVERSAIRE DE LA CANONISATION DE ST THOMAS\n<br>\nP Philippe-Marie MARGELIDON, op\n\n<br><br>\n<strong>08 AO\u00dbT<\/strong><br>\nFETE DE LA ST-DOMINIQUE<br>\nMgr Jean-Louis BRUGU\u00c8S, op\n\n<br><br>\n<strong>14 AO\u00dbT<\/strong><br>\nDERNIERE MESSE CELEBREE DANS LA PRESENCE DES RELIQUES\n<br>\nP Philippe-Marie MARGELIDON, op\t\t\t\t\t\t\t\t<\/div>\n\t\t\t\t<\/div>\n\t\t\t\t\t<\/div>\n\t\t<\/div>\n\t\t\t\t\t<\/div>\n\t\t<\/section>\n\t\t\t\t<section class=\"elementor-section elementor-top-section elementor-element elementor-element-abef94a elementor-section-boxed elementor-section-height-default elementor-section-height-default\" data-id=\"abef94a\" data-element_type=\"section\" data-e-type=\"section\">\n\t\t\t\t\t\t<div class=\"elementor-container elementor-column-gap-default\">\n\t\t\t\t\t<div class=\"elementor-column elementor-col-50 elementor-top-column elementor-element elementor-element-8374ab0\" data-id=\"8374ab0\" data-element_type=\"column\" data-e-type=\"column\">\n\t\t\t<div class=\"elementor-widget-wrap elementor-element-populated\">\n\t\t\t\t\t\t<div class=\"elementor-element elementor-element-47dfaed elementor-align-center elementor-widget elementor-widget-button\" data-id=\"47dfaed\" data-element_type=\"widget\" data-e-type=\"widget\" data-widget_type=\"button.default\">\n\t\t\t\t<div class=\"elementor-widget-container\">\n\t\t\t\t\t\t\t\t\t<div class=\"elementor-button-wrapper\">\n\t\t\t\t\t<a class=\"elementor-button elementor-button-link elementor-size-lg\" href=\"http:\/\/academiecoriesu.com\/wp-content\/uploads\/2023\/06\/DP-St-Thomasbd-1.pdf\" target=\"_blank\">\n\t\t\t\t\t\t<span class=\"elementor-button-content-wrapper\">\n\t\t\t\t\t\t\t\t\t<span class=\"elementor-button-text\">Voir la plaquette de l'exposition<\/span>\n\t\t\t\t\t<\/span>\n\t\t\t\t\t<\/a>\n\t\t\t\t<\/div>\n\t\t\t\t\t\t\t\t<\/div>\n\t\t\t\t<\/div>\n\t\t\t\t\t<\/div>\n\t\t<\/div>\n\t\t\t\t<div class=\"elementor-column elementor-col-50 elementor-top-column elementor-element elementor-element-808f2ba\" data-id=\"808f2ba\" data-element_type=\"column\" data-e-type=\"column\">\n\t\t\t<div class=\"elementor-widget-wrap elementor-element-populated\">\n\t\t\t\t\t\t<div class=\"elementor-element elementor-element-9d79739 elementor-align-center elementor-widget elementor-widget-button\" data-id=\"9d79739\" data-element_type=\"widget\" data-e-type=\"widget\" data-widget_type=\"button.default\">\n\t\t\t\t<div class=\"elementor-widget-container\">\n\t\t\t\t\t\t\t\t\t<div class=\"elementor-button-wrapper\">\n\t\t\t\t\t<a class=\"elementor-button elementor-button-link elementor-size-lg\" href=\"https:\/\/www.musee-hieron.fr\/\" target=\"_blank\">\n\t\t\t\t\t\t<span class=\"elementor-button-content-wrapper\">\n\t\t\t\t\t\t\t\t\t<span class=\"elementor-button-text\">Voir le site du mus\u00e9e du Hi\u00e9ron<\/span>\n\t\t\t\t\t<\/span>\n\t\t\t\t\t<\/a>\n\t\t\t\t<\/div>\n\t\t\t\t\t\t\t\t<\/div>\n\t\t\t\t<\/div>\n\t\t\t\t\t<\/div>\n\t\t<\/div>\n\t\t\t\t\t<\/div>\n\t\t<\/section>\n\t\t\t\t<\/div>\n\t\t","protected":false},"excerpt":{"rendered":"<p>Nos \u00e9v\u00e8nements 700\u00e8me ANNIVERSAIREDE LA CANONISATION DE SAINT THOMAS D\u2019AQUIN EXPOSITION AU MUSEE DU HIERON 10 JUILLET \u2013 1 OCTOBRE 2023 INAUGURATION D\u2019EXPOSITION LE LUNDI 10 JUILLET \u00e0 16h30 \u00a0 REPOSITION DES RELIQUES DE ST THOMAS D\u2019AQUIN CHEZ LE MONASTERE DES DOMINICAINES de PARAY-LE-MONIAL 10-22 JUILLET \u2013 8-14 AO\u00dbT 2023 [&hellip;]<\/p>\n","protected":false},"author":1,"featured_media":0,"parent":0,"menu_order":0,"comment_status":"closed","ping_status":"closed","template":"page-templates\/template-pagebuilder-full-width.php","meta":{"footnotes":""},"class_list":["post-426","page","type-page","status-publish","hentry"],"_links":{"self":[{"href":"http:\/\/academiecoriesu.com\/fr\/wp-json\/wp\/v2\/pages\/426","targetHints":{"allow":["GET"]}}],"collection":[{"href":"http:\/\/academiecoriesu.com\/fr\/wp-json\/wp\/v2\/pages"}],"about":[{"href":"http:\/\/academiecoriesu.com\/fr\/wp-json\/wp\/v2\/types\/page"}],"author":[{"embeddable":true,"href":"http:\/\/academiecoriesu.com\/fr\/wp-json\/wp\/v2\/users\/1"}],"replies":[{"embeddable":true,"href":"http:\/\/academiecoriesu.com\/fr\/wp-json\/wp\/v2\/comments?post=426"}],"version-history":[{"count":550,"href":"http:\/\/academiecoriesu.com\/fr\/wp-json\/wp\/v2\/pages\/426\/revisions"}],"predecessor-version":[{"id":1722,"href":"http:\/\/academiecoriesu.com\/fr\/wp-json\/wp\/v2\/pages\/426\/revisions\/1722"}],"wp:attachment":[{"href":"http:\/\/academiecoriesu.com\/fr\/wp-json\/wp\/v2\/media?parent=426"}],"curies":[{"name":"wp","href":"https:\/\/api.w.org\/{rel}","templated":true}]}}