{"id":520,"date":"2021-10-18T15:10:20","date_gmt":"2021-10-18T13:10:20","guid":{"rendered":"http:\/\/academiecoriesu.com\/?page_id=520"},"modified":"2021-12-21T13:57:50","modified_gmt":"2021-12-21T12:57:50","slug":"status","status":"publish","type":"page","link":"http:\/\/academiecoriesu.com\/fr\/status\/","title":{"rendered":"Statut"},"content":{"rendered":"\t\t<div data-elementor-type=\"wp-page\" data-elementor-id=\"520\" class=\"elementor elementor-520\" data-elementor-post-type=\"page\">\n\t\t\t\t\t\t<section class=\"elementor-section elementor-top-section elementor-element elementor-element-247f92c elementor-section-height-min-height elementor-section-boxed elementor-section-height-default elementor-section-items-middle\" data-id=\"247f92c\" data-element_type=\"section\" data-e-type=\"section\" data-settings=\"{&quot;background_background&quot;:&quot;classic&quot;}\">\n\t\t\t\t\t\t\t<div class=\"elementor-background-overlay\"><\/div>\n\t\t\t\t\t\t\t<div class=\"elementor-container elementor-column-gap-default\">\n\t\t\t\t\t<div class=\"elementor-column elementor-col-100 elementor-top-column elementor-element elementor-element-f010ae0\" data-id=\"f010ae0\" data-element_type=\"column\" data-e-type=\"column\">\n\t\t\t<div class=\"elementor-widget-wrap elementor-element-populated\">\n\t\t\t\t\t\t<div class=\"elementor-element elementor-element-f17b224 elementor-widget elementor-widget-heading\" data-id=\"f17b224\" data-element_type=\"widget\" data-e-type=\"widget\" data-widget_type=\"heading.default\">\n\t\t\t\t<div class=\"elementor-widget-container\">\n\t\t\t\t\t<h2 class=\"elementor-heading-title elementor-size-default\"><br><br><br>Statuts Pr\u00e9ambule<br><br><br><\/h2>\t\t\t\t<\/div>\n\t\t\t\t<\/div>\n\t\t\t\t\t<\/div>\n\t\t<\/div>\n\t\t\t\t\t<\/div>\n\t\t<\/section>\n\t\t\t\t<section class=\"elementor-section elementor-top-section elementor-element elementor-element-4e9c372 elementor-section-boxed elementor-section-height-default elementor-section-height-default\" data-id=\"4e9c372\" data-element_type=\"section\" data-e-type=\"section\">\n\t\t\t\t\t\t<div class=\"elementor-container elementor-column-gap-default\">\n\t\t\t\t\t<div class=\"elementor-column elementor-col-100 elementor-top-column elementor-element elementor-element-7fb06a5\" data-id=\"7fb06a5\" data-element_type=\"column\" data-e-type=\"column\">\n\t\t\t<div class=\"elementor-widget-wrap elementor-element-populated\">\n\t\t\t\t\t\t<div class=\"elementor-element elementor-element-1991e05 elementor-widget elementor-widget-text-editor\" data-id=\"1991e05\" data-element_type=\"widget\" data-e-type=\"widget\" data-widget_type=\"text-editor.default\">\n\t\t\t\t<div class=\"elementor-widget-container\">\n\t\t\t\t\t\t\t\t\t<p><span style=\"color: rgb(34, 34, 34); font-family: Arial, Helvetica, sans-serif; font-size: small; text-align: start;\">L\u2019Acad\u00e9mie COR IESU a \u00e9t\u00e9 voulue par ses membres fondateurs pour donner acc\u00e8s \u00e0 la grande tradition intellectuelle catholique. Il s\u2019agira aussi de d\u00e9couvrir la tradition chr\u00e9tienne telle qu&rsquo;elle est v\u00e9cue aujourd&rsquo;hui dans la ville de PARAY-LE-MONIAL, o\u00f9 les apparitions du Sacr\u00e9- C\u0153ur ont eu lieu il y a pr\u00e8s de 400 ans.<\/span><\/p>\n<p><br style=\"color: rgb(34, 34, 34); font-family: Arial, Helvetica, sans-serif; font-size: small; text-align: start;\"><span style=\"color: rgb(34, 34, 34); font-family: Arial, Helvetica, sans-serif; font-size: small; text-align: start;\">PARAY-LE-MONIAL a la capacit\u00e9 de devenir un lieu reconnu pour la formation intellectuelle et humaine de jeunes gens engag\u00e9s dans divers domaines d&rsquo;\u00e9tudes aupr\u00e8s des facult\u00e9s des universit\u00e9s catholiques des \u00c9tats-Unis et du monde entier.<\/span><\/p>\n<p><br style=\"color: rgb(34, 34, 34); font-family: Arial, Helvetica, sans-serif; font-size: small; text-align: start;\"><span style=\"color: rgb(34, 34, 34); font-family: Arial, Helvetica, sans-serif; font-size: small; text-align: start;\">Dans cette optique, l\u2019Acad\u00e9mie COR IESU constitue un centre d&rsquo;apprentissage, de dialogue et d&rsquo;\u00e9change culturel. La mission principale de l&rsquo;acad\u00e9mie est d&rsquo;organiser des programmes d&rsquo;\u00e9tudes de premier et de deuxi\u00e8me cycle en collaboration avec des universit\u00e9s catholiques du monde entier (notamment am\u00e9ricaines). Ces programmes prennent la forme de cours, de conf\u00e9rences acad\u00e9miques et de s\u00e9minaires con\u00e7us en partenariat avec des \u00e9tablissements d&rsquo;enseignement sup\u00e9rieur, afin de transformer la ville de PARAY-LE-MONIAL et sa r\u00e9gion en \u00ab salle de classe \u00bb. Le r\u00e9sultat serait une s\u00e9rie de programmes acad\u00e9miques qui permettraient \u00e0 des \u00e9tudiants et des professeurs d&rsquo;universit\u00e9 d\u2019entrer dans le riche patrimoine religieux, culturel, historique, \u00e9conomique, politique, social, litt\u00e9raire, scientifique et artistique de la r\u00e9gion.<\/span><\/p>\n<p><br style=\"color: rgb(34, 34, 34); font-family: Arial, Helvetica, sans-serif; font-size: small; text-align: start;\"><span style=\"color: rgb(34, 34, 34); font-family: Arial, Helvetica, sans-serif; font-size: small; text-align: start;\">L\u2019Acad\u00e9mie COR IESU est dans une position unique pour travailler avec des universit\u00e9s et instituts catholiques et le cas \u00e9ch\u00e9ant non catholiques. Ces derni\u00e8res tireront parti des diverses ressources de PARAY-LE-MONIAL, du d\u00e9partement de SAONE-ET-LOIRE et de la r\u00e9gion BOURGOGNE-FRANCHE-COMTE, en \u00e9tablissant un r\u00e9seau de contacts avec les universit\u00e9s, les instituts d\u2019enseignement sup\u00e9rieur, les associations culturelles et cultuelles, les organismes \u00e9conomiques, les organisations politiques, les institutions scientifiques et m\u00e9dicales, le dioc\u00e8se local et d\u2019autres communaut\u00e9s religieuses, sans que cette liste soit limitative.<\/span><br style=\"color: rgb(34, 34, 34); font-family: Arial, Helvetica, sans-serif; font-size: small; text-align: start;\"><br style=\"color: rgb(34, 34, 34); font-family: Arial, Helvetica, sans-serif; font-size: small; text-align: start;\"><span style=\"color: rgb(34, 34, 34); font-family: Arial, Helvetica, sans-serif; font-size: small; text-align: start;\">Ces ressources, ainsi que les liens multiculturels intrins\u00e8ques de la r\u00e9gion en Europe et dans le monde m\u00e9diterran\u00e9en, permettraient \u00e0 l\u2019Acad\u00e9mie COR IESU d\u2019offrir des opportunit\u00e9s pour construire des \u00ab ponts de compr\u00e9hension \u00bb et promouvoir des liens d&rsquo;apprentissage entre les \u00e9tudiants et les professeurs de divers horizons politiques, ethniques, religieux et origines culturelles.<\/span><\/p>\n<p><br style=\"color: rgb(34, 34, 34); font-family: Arial, Helvetica, sans-serif; font-size: small; text-align: start;\"><span style=\"color: rgb(34, 34, 34); font-family: Arial, Helvetica, sans-serif; font-size: small; text-align: start;\">L\u2019Acad\u00e9mie COR IESU existe \u00e9galement pour promouvoir le dialogue et les \u00e9changes culturels, en organisant r\u00e9guli\u00e8rement des conf\u00e9rences, des programmes de formation intellectuelle et professionnelle avec la ville, le d\u00e9partement et le dioc\u00e8se pour les habitants de PARAY-LE- MONIAL et de la r\u00e9gion environnante tout au long de l&rsquo;ann\u00e9e.<\/span><\/p>\n<p><br style=\"color: rgb(34, 34, 34); font-family: Arial, Helvetica, sans-serif; font-size: small; text-align: start;\"><span style=\"color: rgb(34, 34, 34); font-family: Arial, Helvetica, sans-serif; font-size: small; text-align: start;\">Le pr\u00e9sent pr\u00e9ambule fait partie int\u00e9grante des pr\u00e9sents statuts.<\/span><br><\/p>\t\t\t\t\t\t\t\t<\/div>\n\t\t\t\t<\/div>\n\t\t\t\t\t<\/div>\n\t\t<\/div>\n\t\t\t\t\t<\/div>\n\t\t<\/section>\n\t\t\t\t<\/div>\n\t\t","protected":false},"excerpt":{"rendered":"<p>Statuts Pr\u00e9ambule L\u2019Acad\u00e9mie COR IESU a \u00e9t\u00e9 voulue par ses membres fondateurs pour donner acc\u00e8s \u00e0 la grande tradition intellectuelle catholique. Il s\u2019agira aussi de d\u00e9couvrir la tradition chr\u00e9tienne telle qu&rsquo;elle est v\u00e9cue aujourd&rsquo;hui dans la ville de PARAY-LE-MONIAL, o\u00f9 les apparitions du Sacr\u00e9- C\u0153ur ont eu lieu il y [&hellip;]<\/p>\n","protected":false},"author":1,"featured_media":0,"parent":0,"menu_order":0,"comment_status":"closed","ping_status":"closed","template":"page-templates\/template-pagebuilder-full-width.php","meta":{"footnotes":""},"class_list":["post-520","page","type-page","status-publish","hentry"],"_links":{"self":[{"href":"http:\/\/academiecoriesu.com\/fr\/wp-json\/wp\/v2\/pages\/520","targetHints":{"allow":["GET"]}}],"collection":[{"href":"http:\/\/academiecoriesu.com\/fr\/wp-json\/wp\/v2\/pages"}],"about":[{"href":"http:\/\/academiecoriesu.com\/fr\/wp-json\/wp\/v2\/types\/page"}],"author":[{"embeddable":true,"href":"http:\/\/academiecoriesu.com\/fr\/wp-json\/wp\/v2\/users\/1"}],"replies":[{"embeddable":true,"href":"http:\/\/academiecoriesu.com\/fr\/wp-json\/wp\/v2\/comments?post=520"}],"version-history":[{"count":20,"href":"http:\/\/academiecoriesu.com\/fr\/wp-json\/wp\/v2\/pages\/520\/revisions"}],"predecessor-version":[{"id":1283,"href":"http:\/\/academiecoriesu.com\/fr\/wp-json\/wp\/v2\/pages\/520\/revisions\/1283"}],"wp:attachment":[{"href":"http:\/\/academiecoriesu.com\/fr\/wp-json\/wp\/v2\/media?parent=520"}],"curies":[{"name":"wp","href":"https:\/\/api.w.org\/{rel}","templated":true}]}}